{"id":357,"date":"2025-07-22T13:58:17","date_gmt":"2025-07-22T11:58:17","guid":{"rendered":"https:\/\/axing.hu\/tenant-re-billing\/"},"modified":"2025-08-31T13:24:28","modified_gmt":"2025-08-31T11:24:28","slug":"tenant-re-billing","status":"publish","type":"page","link":"https:\/\/axing.hu\/en\/tenant-re-billing\/","title":{"rendered":"Tenant Re-billing"},"content":{"rendered":"\n<div>\n<div>\n<h1 class=\"gb-text gb-text-d004dc38\"><strong>Tenant Re-billing<\/strong><\/h1>\n\n\n\n<p class=\"gb-text\"><strong>When renting industrial or commercial properties &#8211; such as office buildings, shopping malls, or industrial parks &#8211; energy re-billing becomes a key concern. For electricity, natural gas, district heating, water and sewerage bills, it can be helpful to use a company with extensive experience in this area. <\/strong><\/p>\n\n\n\n<div class=\"wp-block-eds-animate-it-block eds-animate-block-save\"><div class=\"eds-animate animated edsanimate-sis-hidden  \" data-eds-entry-animation=\"fadeIn\" data-eds-entry-delay=\"0\" data-eds-entry-duration=\"1\" data-eds-entry-timing=\"linear\" data-eds-exit-animation=\"\" data-eds-exit-delay=\"0\" data-eds-exit-duration=\"0.5\" data-eds-exit-timing=\"linear\" data-eds-repeat-count=\"1\" data-eds-keep=\"yes\" data-eds-animate-on=\"scroll\" data-eds-scroll-offset=\"40\">\n<p class=\"gb-text\">There is a growing demand for solutions to simplify renting. With this in mind, a well-designed billing system should allow property owners to operate in a time- and cost-efficient manner. It is expected to keep up with constantly changing tariffs and regulations, generate tenant consumption reports with ease, and send billing annexes as part of the settlement process. With a properly designed system and a moderate level of investment, significant long-term savings can be achieved.   <\/p>\n\n\n\n<p class=\"gb-text\">Axing Zrt. has developed a dedicated system and software specifically for this purpose, it enables precise tracking of all utility consumption. The system stores data going back several years, giving clients continuous access to valuable information.  <\/p>\n\n\n\n<p class=\"gb-text\">In the case of electricity re-billing, in addition to the individual consumption charge, the private line usage fee is also an important factor and may be charged by the Lessor in accordance with current laws. In such cases, a private line usage study based on individual calculations is required. This ensures that, beyond individual consumption costs, each user contributes proportionally\u2014based on their usage and consumption patterns\u2014to the maintenance costs of the shared infrastructure serving all users in the area. <\/p>\n<\/div><\/div>\n<\/div>\n<\/div>\n\n\n\n<div>\n<div class=\"gb-element-9948ed1a subtitle-hero-inner\">\n<div class=\"wp-block-eds-animate-it-block eds-animate-block-save\"><div class=\"eds-animate animated edsanimate-sis-hidden  \" data-eds-entry-animation=\"fadeIn\" data-eds-entry-delay=\"0\" data-eds-entry-duration=\"1\" data-eds-entry-timing=\"linear\" data-eds-exit-animation=\"\" data-eds-exit-delay=\"0\" data-eds-exit-duration=\"0.5\" data-eds-exit-timing=\"linear\" data-eds-repeat-count=\"1\" data-eds-keep=\"yes\" data-eds-animate-on=\"scroll\" data-eds-scroll-offset=\"40\">\n<h2 class=\"gb-text\">Questions and Answers<\/h2>\n<\/div><\/div>\n<\/div>\n\n\n\n<div>\n<div class=\"wp-block-eds-animate-it-block eds-animate-block-save\"><div class=\"eds-animate animated edsanimate-sis-hidden  \" data-eds-entry-animation=\"fadeIn\" data-eds-entry-delay=\"0\" data-eds-entry-duration=\"1\" data-eds-entry-timing=\"linear\" data-eds-exit-animation=\"\" data-eds-exit-delay=\"0\" data-eds-exit-duration=\"0.5\" data-eds-exit-timing=\"linear\" data-eds-repeat-count=\"1\" data-eds-keep=\"yes\" data-eds-animate-on=\"scroll\" data-eds-scroll-offset=\"40\">\n<div class=\"gb-accordion\">\n<div class=\"gb-accordion__item gb-accordion__item-7d6c4b76\">\n<div role=\"button\" tabindex=\"0\" class=\"gb-accordion__toggle gb-accordion__toggle-fef92c63\" id=\"gb-accordion-toggle-fef92c63\">\n<h3 class=\"gb-text gb-text-3bd796f2\">How Can We Help?<\/h3>\n\n\n\n<span class=\"gb-accordion__toggle-icon gb-accordion__toggle-icon-bfdb9ab9\"><span class=\"gb-accordion__toggle-icon-open\"><svg aria-hidden=\"true\" viewBox=\"0 0 256 256\"><rect width=\"256\" height=\"256\" fill=\"none\"><\/rect><polyline points=\"208 96 128 176 48 96\" fill=\"none\" stroke=\"currentColor\" stroke-linecap=\"round\" stroke-linejoin=\"round\" stroke-width=\"16\"><\/polyline><\/svg><\/span><span class=\"gb-accordion__toggle-icon-close\"><svg aria-hidden=\"true\" viewBox=\"0 0 256 256\"><rect width=\"256\" height=\"256\" fill=\"none\"><\/rect><polyline points=\"48 160 128 80 208 160\" fill=\"none\" stroke=\"currentColor\" stroke-linecap=\"round\" stroke-linejoin=\"round\" stroke-width=\"16\"><\/polyline><\/svg><\/span><\/span>\n<\/div>\n\n\n\n<div class=\"gb-accordion__content\" id=\"gb-accordion-content-c38e042d\">\n<div class=\"gb-element-c9be5c48\">\n<ul class=\"wp-block-list\">\n<li>software support for tenant re-billing<\/li>\n\n\n\n<li>recording and processing tenant consumption data<\/li>\n\n\n\n<li>calculating tenants\u2019 monthly utility bills and providing them electronically<\/li>\n\n\n\n<li>continuous electronic data exchange between the building management system and AXING-20 system<\/li>\n\n\n\n<li>Monitoring frequently changing fees and regulations, and keeping the partner informed<\/li>\n<\/ul>\n<\/div>\n<\/div>\n<\/div>\n<\/div>\n<\/div><\/div>\n<\/div>\n<\/div>\n","protected":false},"excerpt":{"rendered":"<p>Our efficient re-billing solutions can save you time and money \u2013 ensuring that energy costs are billed to tenants accurately and quickly.<\/p>\n","protected":false},"author":3,"featured_media":358,"parent":0,"menu_order":0,"comment_status":"closed","ping_status":"closed","template":"","meta":{"_acf_changed":false,"pgc_sgb_lightbox_settings":"","footnotes":""},"class_list":{"0":"post-357","1":"page","2":"type-page","3":"status-publish","4":"has-post-thumbnail","6":"resize-featured-image"},"acf":[],"yoast_head":"<!-- This site is optimized with the Yoast SEO Premium plugin v27.4 (Yoast SEO v27.4) - https:\/\/yoast.com\/product\/yoast-seo-premium-wordpress\/ -->\n<title>Tenant re-billing | Axing Zrt.<\/title>\n<meta name=\"description\" content=\"Efficient tenant utility cost allocation for industrial and commercial properties. Axing Zrt. provides accurate, transparent and fast re-billing.\" \/>\n<meta name=\"robots\" content=\"index, follow, max-snippet:-1, max-image-preview:large, max-video-preview:-1\" \/>\n<link rel=\"canonical\" href=\"https:\/\/axing.hu\/en\/tenant-re-billing\/\" \/>\n<meta property=\"og:locale\" content=\"en_US\" \/>\n<meta property=\"og:type\" content=\"article\" \/>\n<meta property=\"og:title\" content=\"Tenant Re-billing\" \/>\n<meta property=\"og:description\" content=\"Efficient tenant utility cost allocation for industrial and commercial properties. Axing Zrt. provides accurate, transparent and fast re-billing.\" \/>\n<meta property=\"og:url\" content=\"https:\/\/axing.hu\/en\/tenant-re-billing\/\" \/>\n<meta property=\"og:site_name\" content=\"Axing Zrt.\" \/>\n<meta property=\"article:publisher\" content=\"https:\/\/www.facebook.com\/axinghu\" \/>\n<meta property=\"article:modified_time\" content=\"2025-08-31T11:24:28+00:00\" \/>\n<meta property=\"og:image\" content=\"https:\/\/axing.hu\/wp-content\/uploads\/2025\/07\/Axing-Berloi-tovabbszamlazas-2183116090-w.jpg\" \/>\n\t<meta property=\"og:image:width\" content=\"1920\" \/>\n\t<meta property=\"og:image:height\" content=\"1080\" \/>\n\t<meta property=\"og:image:type\" content=\"image\/jpeg\" \/>\n<meta name=\"twitter:card\" content=\"summary_large_image\" \/>\n<meta name=\"twitter:label1\" content=\"Est. reading time\" \/>\n\t<meta name=\"twitter:data1\" content=\"2 minutes\" \/>\n<script type=\"application\/ld+json\" class=\"yoast-schema-graph\">{\"@context\":\"https:\\\/\\\/schema.org\",\"@graph\":[{\"@type\":\"WebPage\",\"@id\":\"https:\\\/\\\/axing.hu\\\/en\\\/tenant-re-billing\\\/\",\"url\":\"https:\\\/\\\/axing.hu\\\/en\\\/tenant-re-billing\\\/\",\"name\":\"Tenant re-billing | Axing Zrt.\",\"isPartOf\":{\"@id\":\"https:\\\/\\\/axing.hu\\\/#website\"},\"primaryImageOfPage\":{\"@id\":\"https:\\\/\\\/axing.hu\\\/en\\\/tenant-re-billing\\\/#primaryimage\"},\"image\":{\"@id\":\"https:\\\/\\\/axing.hu\\\/en\\\/tenant-re-billing\\\/#primaryimage\"},\"thumbnailUrl\":\"https:\\\/\\\/axing.hu\\\/wp-content\\\/uploads\\\/2025\\\/07\\\/Axing-Berloi-tovabbszamlazas-2183116090-w.jpg\",\"datePublished\":\"2025-07-22T11:58:17+00:00\",\"dateModified\":\"2025-08-31T11:24:28+00:00\",\"description\":\"Efficient tenant utility cost allocation for industrial and commercial properties. Axing Zrt. provides accurate, transparent and fast re-billing.\",\"breadcrumb\":{\"@id\":\"https:\\\/\\\/axing.hu\\\/en\\\/tenant-re-billing\\\/#breadcrumb\"},\"inLanguage\":\"en-US\",\"potentialAction\":[{\"@type\":\"ReadAction\",\"target\":[\"https:\\\/\\\/axing.hu\\\/en\\\/tenant-re-billing\\\/\"]}]},{\"@type\":\"ImageObject\",\"inLanguage\":\"en-US\",\"@id\":\"https:\\\/\\\/axing.hu\\\/en\\\/tenant-re-billing\\\/#primaryimage\",\"url\":\"https:\\\/\\\/axing.hu\\\/wp-content\\\/uploads\\\/2025\\\/07\\\/Axing-Berloi-tovabbszamlazas-2183116090-w.jpg\",\"contentUrl\":\"https:\\\/\\\/axing.hu\\\/wp-content\\\/uploads\\\/2025\\\/07\\\/Axing-Berloi-tovabbszamlazas-2183116090-w.jpg\",\"width\":1920,\"height\":1080,\"caption\":\"B\u00e9rl\u0151i tov\u00e1bbsz\u00e1ml\u00e1z\u00e1s\"},{\"@type\":\"BreadcrumbList\",\"@id\":\"https:\\\/\\\/axing.hu\\\/en\\\/tenant-re-billing\\\/#breadcrumb\",\"itemListElement\":[{\"@type\":\"ListItem\",\"position\":1,\"name\":\"Kezd\u0151lap\",\"item\":\"https:\\\/\\\/axing.hu\\\/en\\\/\"},{\"@type\":\"ListItem\",\"position\":2,\"name\":\"Tenant Re-billing\"}]},{\"@type\":\"WebSite\",\"@id\":\"https:\\\/\\\/axing.hu\\\/#website\",\"url\":\"https:\\\/\\\/axing.hu\\\/\",\"name\":\"Axing Zrt.\",\"description\":\"Az Axing Zrt. hivatalos weboldala\",\"publisher\":{\"@id\":\"https:\\\/\\\/axing.hu\\\/#organization\"},\"potentialAction\":[{\"@type\":\"SearchAction\",\"target\":{\"@type\":\"EntryPoint\",\"urlTemplate\":\"https:\\\/\\\/axing.hu\\\/?s={search_term_string}\"},\"query-input\":{\"@type\":\"PropertyValueSpecification\",\"valueRequired\":true,\"valueName\":\"search_term_string\"}}],\"inLanguage\":\"en-US\"},{\"@type\":\"Organization\",\"@id\":\"https:\\\/\\\/axing.hu\\\/#organization\",\"name\":\"Axing Zrt.\",\"url\":\"https:\\\/\\\/axing.hu\\\/\",\"logo\":{\"@type\":\"ImageObject\",\"inLanguage\":\"en-US\",\"@id\":\"https:\\\/\\\/axing.hu\\\/#\\\/schema\\\/logo\\\/image\\\/\",\"url\":\"https:\\\/\\\/axing.hu\\\/wp-content\\\/uploads\\\/2025\\\/07\\\/cropped-AXING-sitelogo-w.png\",\"contentUrl\":\"https:\\\/\\\/axing.hu\\\/wp-content\\\/uploads\\\/2025\\\/07\\\/cropped-AXING-sitelogo-w.png\",\"width\":512,\"height\":512,\"caption\":\"Axing Zrt.\"},\"image\":{\"@id\":\"https:\\\/\\\/axing.hu\\\/#\\\/schema\\\/logo\\\/image\\\/\"},\"sameAs\":[\"https:\\\/\\\/www.facebook.com\\\/axinghu\",\"https:\\\/\\\/www.linkedin.com\\\/company\\\/axing-ltd-\\\/\"],\"description\":\"Az Axing Zrt. 2003 \u00f3ta sikeresen m\u0171k\u00f6dik a magyar energetikai tan\u00e1csad\u00e1si szektor piacvezet\u0151jek\u00e9nt. Szak\u00e9rtelm\u00fcnkkel t\u00e1mogat\u00e1st ny\u00fajtunk \u00fcgyfeleinknek abban, hogy maximaliz\u00e1lj\u00e1k hat\u00e9konys\u00e1gukat \u00e9s minimaliz\u00e1lj\u00e1k energiak\u00f6lts\u00e9geiket. Komplex szolg\u00e1ltat\u00e1si portf\u00f3li\u00f3nk az energiabeszerz\u00e9st\u0151l kezdve az EKR auditon \u00e1t az energetikai audit\u00e1l\u00e1sig minden ter\u00fcleten k\u00f6lts\u00e9ghat\u00e9kony megold\u00e1sokat k\u00edn\u00e1l.\",\"email\":\"kapcsolat@axing.hu\",\"telephone\":\"+36 1 248 0779\",\"legalName\":\"AXING Tan\u00e1csad\u00f3 \u00e9s Szolg\u00e1ltat\u00f3 Zrt.\",\"vatID\":\"32638329-2-41\"}]}<\/script>\n<!-- \/ Yoast SEO Premium plugin. -->","yoast_head_json":{"title":"Tenant re-billing | Axing Zrt.","description":"Efficient tenant utility cost allocation for industrial and commercial properties. Axing Zrt. provides accurate, transparent and fast re-billing.","robots":{"index":"index","follow":"follow","max-snippet":"max-snippet:-1","max-image-preview":"max-image-preview:large","max-video-preview":"max-video-preview:-1"},"canonical":"https:\/\/axing.hu\/en\/tenant-re-billing\/","og_locale":"en_US","og_type":"article","og_title":"Tenant Re-billing","og_description":"Efficient tenant utility cost allocation for industrial and commercial properties. Axing Zrt. provides accurate, transparent and fast re-billing.","og_url":"https:\/\/axing.hu\/en\/tenant-re-billing\/","og_site_name":"Axing Zrt.","article_publisher":"https:\/\/www.facebook.com\/axinghu","article_modified_time":"2025-08-31T11:24:28+00:00","og_image":[{"width":1920,"height":1080,"url":"https:\/\/axing.hu\/wp-content\/uploads\/2025\/07\/Axing-Berloi-tovabbszamlazas-2183116090-w.jpg","type":"image\/jpeg"}],"twitter_card":"summary_large_image","twitter_misc":{"Est. reading time":"2 minutes"},"schema":{"@context":"https:\/\/schema.org","@graph":[{"@type":"WebPage","@id":"https:\/\/axing.hu\/en\/tenant-re-billing\/","url":"https:\/\/axing.hu\/en\/tenant-re-billing\/","name":"Tenant re-billing | Axing Zrt.","isPartOf":{"@id":"https:\/\/axing.hu\/#website"},"primaryImageOfPage":{"@id":"https:\/\/axing.hu\/en\/tenant-re-billing\/#primaryimage"},"image":{"@id":"https:\/\/axing.hu\/en\/tenant-re-billing\/#primaryimage"},"thumbnailUrl":"https:\/\/axing.hu\/wp-content\/uploads\/2025\/07\/Axing-Berloi-tovabbszamlazas-2183116090-w.jpg","datePublished":"2025-07-22T11:58:17+00:00","dateModified":"2025-08-31T11:24:28+00:00","description":"Efficient tenant utility cost allocation for industrial and commercial properties. Axing Zrt. provides accurate, transparent and fast re-billing.","breadcrumb":{"@id":"https:\/\/axing.hu\/en\/tenant-re-billing\/#breadcrumb"},"inLanguage":"en-US","potentialAction":[{"@type":"ReadAction","target":["https:\/\/axing.hu\/en\/tenant-re-billing\/"]}]},{"@type":"ImageObject","inLanguage":"en-US","@id":"https:\/\/axing.hu\/en\/tenant-re-billing\/#primaryimage","url":"https:\/\/axing.hu\/wp-content\/uploads\/2025\/07\/Axing-Berloi-tovabbszamlazas-2183116090-w.jpg","contentUrl":"https:\/\/axing.hu\/wp-content\/uploads\/2025\/07\/Axing-Berloi-tovabbszamlazas-2183116090-w.jpg","width":1920,"height":1080,"caption":"B\u00e9rl\u0151i tov\u00e1bbsz\u00e1ml\u00e1z\u00e1s"},{"@type":"BreadcrumbList","@id":"https:\/\/axing.hu\/en\/tenant-re-billing\/#breadcrumb","itemListElement":[{"@type":"ListItem","position":1,"name":"Kezd\u0151lap","item":"https:\/\/axing.hu\/en\/"},{"@type":"ListItem","position":2,"name":"Tenant Re-billing"}]},{"@type":"WebSite","@id":"https:\/\/axing.hu\/#website","url":"https:\/\/axing.hu\/","name":"Axing Zrt.","description":"Az Axing Zrt. hivatalos weboldala","publisher":{"@id":"https:\/\/axing.hu\/#organization"},"potentialAction":[{"@type":"SearchAction","target":{"@type":"EntryPoint","urlTemplate":"https:\/\/axing.hu\/?s={search_term_string}"},"query-input":{"@type":"PropertyValueSpecification","valueRequired":true,"valueName":"search_term_string"}}],"inLanguage":"en-US"},{"@type":"Organization","@id":"https:\/\/axing.hu\/#organization","name":"Axing Zrt.","url":"https:\/\/axing.hu\/","logo":{"@type":"ImageObject","inLanguage":"en-US","@id":"https:\/\/axing.hu\/#\/schema\/logo\/image\/","url":"https:\/\/axing.hu\/wp-content\/uploads\/2025\/07\/cropped-AXING-sitelogo-w.png","contentUrl":"https:\/\/axing.hu\/wp-content\/uploads\/2025\/07\/cropped-AXING-sitelogo-w.png","width":512,"height":512,"caption":"Axing Zrt."},"image":{"@id":"https:\/\/axing.hu\/#\/schema\/logo\/image\/"},"sameAs":["https:\/\/www.facebook.com\/axinghu","https:\/\/www.linkedin.com\/company\/axing-ltd-\/"],"description":"Az Axing Zrt. 2003 \u00f3ta sikeresen m\u0171k\u00f6dik a magyar energetikai tan\u00e1csad\u00e1si szektor piacvezet\u0151jek\u00e9nt. Szak\u00e9rtelm\u00fcnkkel t\u00e1mogat\u00e1st ny\u00fajtunk \u00fcgyfeleinknek abban, hogy maximaliz\u00e1lj\u00e1k hat\u00e9konys\u00e1gukat \u00e9s minimaliz\u00e1lj\u00e1k energiak\u00f6lts\u00e9geiket. Komplex szolg\u00e1ltat\u00e1si portf\u00f3li\u00f3nk az energiabeszerz\u00e9st\u0151l kezdve az EKR auditon \u00e1t az energetikai audit\u00e1l\u00e1sig minden ter\u00fcleten k\u00f6lts\u00e9ghat\u00e9kony megold\u00e1sokat k\u00edn\u00e1l.","email":"kapcsolat@axing.hu","telephone":"+36 1 248 0779","legalName":"AXING Tan\u00e1csad\u00f3 \u00e9s Szolg\u00e1ltat\u00f3 Zrt.","vatID":"32638329-2-41"}]}},"_links":{"self":[{"href":"https:\/\/axing.hu\/en\/wp-json\/wp\/v2\/pages\/357","targetHints":{"allow":["GET"]}}],"collection":[{"href":"https:\/\/axing.hu\/en\/wp-json\/wp\/v2\/pages"}],"about":[{"href":"https:\/\/axing.hu\/en\/wp-json\/wp\/v2\/types\/page"}],"author":[{"embeddable":true,"href":"https:\/\/axing.hu\/en\/wp-json\/wp\/v2\/users\/3"}],"replies":[{"embeddable":true,"href":"https:\/\/axing.hu\/en\/wp-json\/wp\/v2\/comments?post=357"}],"version-history":[{"count":3,"href":"https:\/\/axing.hu\/en\/wp-json\/wp\/v2\/pages\/357\/revisions"}],"predecessor-version":[{"id":457,"href":"https:\/\/axing.hu\/en\/wp-json\/wp\/v2\/pages\/357\/revisions\/457"}],"wp:featuredmedia":[{"embeddable":true,"href":"https:\/\/axing.hu\/en\/wp-json\/wp\/v2\/media\/358"}],"wp:attachment":[{"href":"https:\/\/axing.hu\/en\/wp-json\/wp\/v2\/media?parent=357"}],"curies":[{"name":"wp","href":"https:\/\/api.w.org\/{rel}","templated":true}]}}