{"id":359,"date":"2025-07-22T14:18:45","date_gmt":"2025-07-22T12:18:45","guid":{"rendered":"https:\/\/axing.hu\/documents\/"},"modified":"2025-08-25T15:55:43","modified_gmt":"2025-08-25T13:55:43","slug":"documents","status":"publish","type":"page","link":"https:\/\/axing.hu\/en\/documents\/","title":{"rendered":"Documents"},"content":{"rendered":"\n<div class=\"gb-element-17b55933\">\n<div class=\"dokumentum-doboz\">\n<div class=\"wp-block-file\"><a id=\"wp-block-file--media-5f0ae2f9-5c99-4334-b553-9840b4930153\" href=\"https:\/\/axing.hu\/wp-content\/uploads\/2025\/07\/01-axing_weboldal_adatkezelesi_tajekoztato.pdf\" target=\"_blank\" rel=\"noreferrer noopener\">Adatkezel\u00e9si t\u00e1j\u00e9koztat\u00f3<\/a><a href=\"https:\/\/axing.hu\/wp-content\/uploads\/2025\/07\/01-axing_weboldal_adatkezelesi_tajekoztato.pdf\" class=\"wp-block-file__button wp-element-button\" download=\"\" aria-describedby=\"wp-block-file--media-5f0ae2f9-5c99-4334-b553-9840b4930153\">Download<\/a><\/div>\n<\/div>\n\n\n\n<div class=\"dokumentum-doboz\">\n<div class=\"wp-block-file\"><a id=\"wp-block-file--media-4f8fc807-6cbd-48ec-ab96-3013286a2464\" href=\"https:\/\/axing.hu\/wp-content\/uploads\/2025\/07\/02-adatkezelesi_tajekoztato_uzleti.pdf\" target=\"_blank\" rel=\"noreferrer noopener\">Adatkezel\u00e9si t\u00e1j\u00e9koztat\u00f3 az Axing Zrt. \u00fczleti partnerei r\u00e9sz\u00e9re <\/a><a href=\"https:\/\/axing.hu\/wp-content\/uploads\/2025\/07\/02-adatkezelesi_tajekoztato_uzleti.pdf\" class=\"wp-block-file__button wp-element-button\" download=\"\" aria-describedby=\"wp-block-file--media-4f8fc807-6cbd-48ec-ab96-3013286a2464\">Download<\/a><\/div>\n<\/div>\n\n\n\n<div class=\"dokumentum-doboz\">\n<div class=\"wp-block-file\"><a id=\"wp-block-file--media-dfb543e1-fcac-42cc-860e-28f840816791\" href=\"https:\/\/axing.hu\/wp-content\/uploads\/2025\/07\/03-Axing-ASZF-final.pdf\" target=\"_blank\" rel=\"noreferrer noopener\">A\u0301ltal\u00e1nos Szerz\u0151d\u00e9si Felt\u00e9telek \u2013 \u00e9rv\u00e9nyes\u00edt\u00e9si\/ellen\u0151rz\u00e9si (hiteles\u00edt\u00e9si) vagy egyeztetett elj\u00e1r\u00e1sokra vonatkoz\u00f3 tev\u00e9kenys\u00e9gek elv\u00e9gz\u00e9s\u00e9re<\/a><a href=\"https:\/\/axing.hu\/wp-content\/uploads\/2025\/07\/03-Axing-ASZF-final.pdf\" class=\"wp-block-file__button wp-element-button\" download=\"\" aria-describedby=\"wp-block-file--media-dfb543e1-fcac-42cc-860e-28f840816791\">Download<\/a><\/div>\n<\/div>\n\n\n\n<div class=\"dokumentum-doboz\">\n<div class=\"wp-block-file\"><a id=\"wp-block-file--media-22958413-1e48-49e1-9599-8be4bc420720\" href=\"https:\/\/axing.hu\/wp-content\/uploads\/2025\/07\/04-beleptetesi_adatkezelesi_tajekoztato.pdf\" target=\"_blank\" rel=\"noreferrer noopener\">Bel\u00e9ptet\u00e9si adatkezel\u00e9si t\u00e1j\u00e9koztat\u00f3<\/a><a href=\"https:\/\/axing.hu\/wp-content\/uploads\/2025\/07\/04-beleptetesi_adatkezelesi_tajekoztato.pdf\" class=\"wp-block-file__button wp-element-button\" download=\"\" aria-describedby=\"wp-block-file--media-22958413-1e48-49e1-9599-8be4bc420720\">Download<\/a><\/div>\n<\/div>\n\n\n\n<div class=\"dokumentum-doboz\">\n<div class=\"wp-block-file\"><a id=\"wp-block-file--media-9f4996da-78b0-422b-8b88-bc111f388271\" href=\"https:\/\/axing.hu\/wp-content\/uploads\/2025\/07\/05-axing_impresszum.pdf\" target=\"_blank\" rel=\"noreferrer noopener\">Impresszum<\/a><a href=\"https:\/\/axing.hu\/wp-content\/uploads\/2025\/07\/05-axing_impresszum.pdf\" class=\"wp-block-file__button wp-element-button\" download=\"\" aria-describedby=\"wp-block-file--media-9f4996da-78b0-422b-8b88-bc111f388271\">Download<\/a><\/div>\n<\/div>\n\n\n\n<div class=\"dokumentum-doboz\">\n<div class=\"wp-block-file\">\n  <a href=\"https:\/\/axing.hu\/jogi-nyilatkozat\/\" target=\"_blank\">Jogi nyilatkozat<\/a>\n<a class=\"wp-block-file__button\" href=\"https:\/\/axing.hu\/jogi-nyilatkozat\/\" target=\"_blank\">Read<\/a>\n<\/div>\n<\/div>\n\n\n\n<div class=\"dokumentum-doboz\">\n<div class=\"wp-block-file\"><a id=\"wp-block-file--media-5c74d32d-7a9a-42db-8975-a328c518b9e1\" href=\"https:\/\/axing.hu\/wp-content\/uploads\/2025\/07\/07-adatkezelesi_tajekoztato_kamerarendszer.pdf\" target=\"_blank\" rel=\"noreferrer noopener\">Kamerarendszer adatkezel\u00e9si t\u00e1j\u00e9koztat\u00f3<\/a><a href=\"https:\/\/axing.hu\/wp-content\/uploads\/2025\/07\/07-adatkezelesi_tajekoztato_kamerarendszer.pdf\" class=\"wp-block-file__button wp-element-button\" download=\"\" aria-describedby=\"wp-block-file--media-5c74d32d-7a9a-42db-8975-a328c518b9e1\">Download<\/a><\/div>\n<\/div>\n\n\n\n<div class=\"dokumentum-doboz\">\n<div class=\"wp-block-file\"><a id=\"wp-block-file--media-edda5886-78df-4376-b775-8638bc160f0e\" href=\"https:\/\/axing.hu\/wp-content\/uploads\/2025\/07\/08-Panaszok_e%CC%81s_fellebbeze%CC%81sek_kezele%CC%81se%CC%81re_vonatkozo%CC%81_szaba%CC%81lyzat_20250601.pdf\" target=\"_blank\" rel=\"noreferrer noopener\">Panaszok e\u0301s fellebbeze\u0301sek kezele\u0301se\u0301re vonatkozo\u0301 szaba\u0301lyzat<\/a><a href=\"https:\/\/axing.hu\/wp-content\/uploads\/2025\/07\/08-Panaszok_e%CC%81s_fellebbeze%CC%81sek_kezele%CC%81se%CC%81re_vonatkozo%CC%81_szaba%CC%81lyzat_20250601.pdf\" class=\"wp-block-file__button wp-element-button\" download=\"\" aria-describedby=\"wp-block-file--media-edda5886-78df-4376-b775-8638bc160f0e\">Download<\/a><\/div>\n<\/div>\n\n\n\n<div class=\"dokumentum-doboz\">\n<div class=\"wp-block-file\"><a id=\"wp-block-file--media-c6c34d2e-cf4b-471e-bea0-4660af4ab3f4\" href=\"https:\/\/axing.hu\/wp-content\/uploads\/2025\/07\/09-parkolo_hasznalati_szabalyzat_2025_04_24.pdf\" target=\"_blank\" rel=\"noreferrer noopener\">Parkol\u00f3 haszn\u00e1lati szab\u00e1lyzat<\/a><a href=\"https:\/\/axing.hu\/wp-content\/uploads\/2025\/07\/09-parkolo_hasznalati_szabalyzat_2025_04_24.pdf\" class=\"wp-block-file__button wp-element-button\" download=\"\" aria-describedby=\"wp-block-file--media-c6c34d2e-cf4b-471e-bea0-4660af4ab3f4\">Download<\/a><\/div>\n<\/div>\n\n\n\n<div class=\"dokumentum-doboz\">\n<div class=\"wp-block-file\"><a id=\"wp-block-file--media-2e7d5044-49a1-421e-8355-1ed5b7682cfb\" href=\"https:\/\/axing.hu\/wp-content\/uploads\/2025\/08\/Pa%CC%81rtatlansa%CC%81gi_e%CC%81s_mino%CC%8Bse%CC%81gpolitikai_nyilatkozat.pdf\" target=\"_blank\" rel=\"noreferrer noopener\">Pa\u0301rtatlansa\u0301gi e\u0301s mino\u030bse\u0301gpolitikai nyilatkozat<\/a><a href=\"https:\/\/axing.hu\/wp-content\/uploads\/2025\/08\/Pa%CC%81rtatlansa%CC%81gi_e%CC%81s_mino%CC%8Bse%CC%81gpolitikai_nyilatkozat.pdf\" class=\"wp-block-file__button wp-element-button\" download=\"\" aria-describedby=\"wp-block-file--media-2e7d5044-49a1-421e-8355-1ed5b7682cfb\">Download<\/a><\/div>\n<\/div>\n\n\n\n<div class=\"dokumentum-doboz\">\n<div class=\"wp-block-file\"><a id=\"wp-block-file--media-73652822-8bf8-498f-8940-b78e9747394f\" href=\"https:\/\/axing.hu\/wp-content\/uploads\/2025\/07\/10-Szaba%CC%81lyzat_valida%CC%81la%CC%81si_verifika%CC%81la%CC%81si_hivatkoza%CC%81s_e%CC%81s_ve%CC%81djegy_haszna%CC%81lata%CC%81ra_20250601.pdf\" target=\"_blank\" rel=\"noreferrer noopener\">Szaba\u0301lyzat valida\u0301la\u0301si verifika\u0301la\u0301si hivatkoza\u0301s e\u0301s ve\u0301djegy haszna\u0301lata\u0301ra<\/a><a href=\"https:\/\/axing.hu\/wp-content\/uploads\/2025\/07\/10-Szaba%CC%81lyzat_valida%CC%81la%CC%81si_verifika%CC%81la%CC%81si_hivatkoza%CC%81s_e%CC%81s_ve%CC%81djegy_haszna%CC%81lata%CC%81ra_20250601.pdf\" class=\"wp-block-file__button wp-element-button\" download=\"\" aria-describedby=\"wp-block-file--media-73652822-8bf8-498f-8940-b78e9747394f\">Download<\/a><\/div>\n<\/div>\n\n\n\n<div class=\"dokumentum-doboz\">\n<div class=\"wp-block-file\"><a id=\"wp-block-file--media-da3d7760-2d69-435f-94d7-badf90c35319\" href=\"https:\/\/axing.hu\/wp-content\/uploads\/2025\/07\/11-titoktartasi-nyilatkozat-ceg.docx\" target=\"_blank\" rel=\"noreferrer noopener\">Titoktart\u00e1si nyilatkozat \u2013 C\u00e9g eset\u00e9n<\/a><a href=\"https:\/\/axing.hu\/wp-content\/uploads\/2025\/07\/11-titoktartasi-nyilatkozat-ceg.docx\" class=\"wp-block-file__button wp-element-button\" download=\"\" aria-describedby=\"wp-block-file--media-da3d7760-2d69-435f-94d7-badf90c35319\">Download<\/a><\/div>\n<\/div>\n\n\n\n<div class=\"dokumentum-doboz\">\n<div class=\"wp-block-file\"><a id=\"wp-block-file--media-d00fe5c8-800e-4693-8692-afe3912df7b4\" href=\"https:\/\/axing.hu\/wp-content\/uploads\/2025\/07\/12-titoktartasi-nyilatkozat-maganszemely.docx\" target=\"_blank\" rel=\"noreferrer noopener\">Titoktart\u00e1si nyilatkozat \u2013 Mag\u00e1nszem\u00e9ly eset\u00e9n<\/a><a href=\"https:\/\/axing.hu\/wp-content\/uploads\/2025\/07\/12-titoktartasi-nyilatkozat-maganszemely.docx\" class=\"wp-block-file__button wp-element-button\" download=\"\" aria-describedby=\"wp-block-file--media-d00fe5c8-800e-4693-8692-afe3912df7b4\">Download<\/a><\/div>\n<\/div>\n\n\n\n<div class=\"dokumentum-doboz\">\n<div class=\"wp-block-file\"><a id=\"wp-block-file--media-99d2091a-09d4-44e2-bf39-5a3bb31a3a9d\" href=\"https:\/\/axing.hu\/wp-content\/uploads\/2025\/07\/13-tajekoztato_a_visszaeles-bejeletesi_rendszer_es_az_annak_kereteben_tett_bejelentesek_kezeleserol.pdf\" target=\"_blank\" rel=\"noreferrer noopener\">Vissza\u00e9l\u00e9s bejelent\u00e9si t\u00e1j\u00e9koztat\u00f3<\/a><a href=\"https:\/\/axing.hu\/wp-content\/uploads\/2025\/07\/13-tajekoztato_a_visszaeles-bejeletesi_rendszer_es_az_annak_kereteben_tett_bejelentesek_kezeleserol.pdf\" class=\"wp-block-file__button wp-element-button\" download=\"\" aria-describedby=\"wp-block-file--media-99d2091a-09d4-44e2-bf39-5a3bb31a3a9d\">Download<\/a><\/div>\n<\/div>\n<\/div>\n","protected":false},"excerpt":{"rendered":"<p>Jogi nyilatkozat Read<\/p>\n","protected":false},"author":3,"featured_media":0,"parent":0,"menu_order":0,"comment_status":"closed","ping_status":"closed","template":"","meta":{"_acf_changed":false,"pgc_sgb_lightbox_settings":"","footnotes":""},"class_list":["post-359","page","type-page","status-publish"],"acf":[],"yoast_head":"<!-- This site is optimized with the Yoast SEO Premium plugin v27.4 (Yoast SEO v27.4) - https:\/\/yoast.com\/product\/yoast-seo-premium-wordpress\/ -->\n<title>Axing documents<\/title>\n<meta name=\"description\" content=\"Axing Zrt. \u2022 Energy efficiency consulting and auditing. A market leader in the Hungarian energy consulting sector. \u2022 Documents\" \/>\n<meta name=\"robots\" content=\"index, follow, max-snippet:-1, max-image-preview:large, max-video-preview:-1\" \/>\n<link rel=\"canonical\" href=\"https:\/\/axing.hu\/en\/documents\/\" \/>\n<meta property=\"og:locale\" content=\"en_US\" \/>\n<meta property=\"og:type\" content=\"article\" \/>\n<meta property=\"og:title\" content=\"Documents\" \/>\n<meta property=\"og:description\" content=\"Axing Zrt. \u2022 Energy efficiency consulting and auditing. A market leader in the Hungarian energy consulting sector. \u2022 Documents\" \/>\n<meta property=\"og:url\" content=\"https:\/\/axing.hu\/en\/documents\/\" \/>\n<meta property=\"og:site_name\" content=\"Axing Zrt.\" \/>\n<meta property=\"article:publisher\" content=\"https:\/\/www.facebook.com\/axinghu\" \/>\n<meta property=\"article:modified_time\" content=\"2025-08-25T13:55:43+00:00\" \/>\n<meta name=\"twitter:card\" content=\"summary_large_image\" \/>\n<meta name=\"twitter:label1\" content=\"Est. reading time\" \/>\n\t<meta name=\"twitter:data1\" content=\"1 minute\" \/>\n<script type=\"application\/ld+json\" class=\"yoast-schema-graph\">{\"@context\":\"https:\\\/\\\/schema.org\",\"@graph\":[{\"@type\":\"WebPage\",\"@id\":\"https:\\\/\\\/axing.hu\\\/en\\\/documents\\\/\",\"url\":\"https:\\\/\\\/axing.hu\\\/en\\\/documents\\\/\",\"name\":\"Axing documents\",\"isPartOf\":{\"@id\":\"https:\\\/\\\/axing.hu\\\/#website\"},\"datePublished\":\"2025-07-22T12:18:45+00:00\",\"dateModified\":\"2025-08-25T13:55:43+00:00\",\"description\":\"Axing Zrt. \u2022 Energy efficiency consulting and auditing. A market leader in the Hungarian energy consulting sector. \u2022 Documents\",\"breadcrumb\":{\"@id\":\"https:\\\/\\\/axing.hu\\\/en\\\/documents\\\/#breadcrumb\"},\"inLanguage\":\"en-US\",\"potentialAction\":[{\"@type\":\"ReadAction\",\"target\":[\"https:\\\/\\\/axing.hu\\\/en\\\/documents\\\/\"]}]},{\"@type\":\"BreadcrumbList\",\"@id\":\"https:\\\/\\\/axing.hu\\\/en\\\/documents\\\/#breadcrumb\",\"itemListElement\":[{\"@type\":\"ListItem\",\"position\":1,\"name\":\"Kezd\u0151lap\",\"item\":\"https:\\\/\\\/axing.hu\\\/en\\\/\"},{\"@type\":\"ListItem\",\"position\":2,\"name\":\"Documents\"}]},{\"@type\":\"WebSite\",\"@id\":\"https:\\\/\\\/axing.hu\\\/#website\",\"url\":\"https:\\\/\\\/axing.hu\\\/\",\"name\":\"Axing Zrt.\",\"description\":\"Az Axing Zrt. hivatalos weboldala\",\"publisher\":{\"@id\":\"https:\\\/\\\/axing.hu\\\/#organization\"},\"potentialAction\":[{\"@type\":\"SearchAction\",\"target\":{\"@type\":\"EntryPoint\",\"urlTemplate\":\"https:\\\/\\\/axing.hu\\\/?s={search_term_string}\"},\"query-input\":{\"@type\":\"PropertyValueSpecification\",\"valueRequired\":true,\"valueName\":\"search_term_string\"}}],\"inLanguage\":\"en-US\"},{\"@type\":\"Organization\",\"@id\":\"https:\\\/\\\/axing.hu\\\/#organization\",\"name\":\"Axing Zrt.\",\"url\":\"https:\\\/\\\/axing.hu\\\/\",\"logo\":{\"@type\":\"ImageObject\",\"inLanguage\":\"en-US\",\"@id\":\"https:\\\/\\\/axing.hu\\\/#\\\/schema\\\/logo\\\/image\\\/\",\"url\":\"https:\\\/\\\/axing.hu\\\/wp-content\\\/uploads\\\/2025\\\/07\\\/cropped-AXING-sitelogo-w.png\",\"contentUrl\":\"https:\\\/\\\/axing.hu\\\/wp-content\\\/uploads\\\/2025\\\/07\\\/cropped-AXING-sitelogo-w.png\",\"width\":512,\"height\":512,\"caption\":\"Axing Zrt.\"},\"image\":{\"@id\":\"https:\\\/\\\/axing.hu\\\/#\\\/schema\\\/logo\\\/image\\\/\"},\"sameAs\":[\"https:\\\/\\\/www.facebook.com\\\/axinghu\",\"https:\\\/\\\/www.linkedin.com\\\/company\\\/axing-ltd-\\\/\"],\"description\":\"Az Axing Zrt. 2003 \u00f3ta sikeresen m\u0171k\u00f6dik a magyar energetikai tan\u00e1csad\u00e1si szektor piacvezet\u0151jek\u00e9nt. Szak\u00e9rtelm\u00fcnkkel t\u00e1mogat\u00e1st ny\u00fajtunk \u00fcgyfeleinknek abban, hogy maximaliz\u00e1lj\u00e1k hat\u00e9konys\u00e1gukat \u00e9s minimaliz\u00e1lj\u00e1k energiak\u00f6lts\u00e9geiket. Komplex szolg\u00e1ltat\u00e1si portf\u00f3li\u00f3nk az energiabeszerz\u00e9st\u0151l kezdve az EKR auditon \u00e1t az energetikai audit\u00e1l\u00e1sig minden ter\u00fcleten k\u00f6lts\u00e9ghat\u00e9kony megold\u00e1sokat k\u00edn\u00e1l.\",\"email\":\"kapcsolat@axing.hu\",\"telephone\":\"+36 1 248 0779\",\"legalName\":\"AXING Tan\u00e1csad\u00f3 \u00e9s Szolg\u00e1ltat\u00f3 Zrt.\",\"vatID\":\"32638329-2-41\"}]}<\/script>\n<!-- \/ Yoast SEO Premium plugin. -->","yoast_head_json":{"title":"Axing documents","description":"Axing Zrt. \u2022 Energy efficiency consulting and auditing. A market leader in the Hungarian energy consulting sector. \u2022 Documents","robots":{"index":"index","follow":"follow","max-snippet":"max-snippet:-1","max-image-preview":"max-image-preview:large","max-video-preview":"max-video-preview:-1"},"canonical":"https:\/\/axing.hu\/en\/documents\/","og_locale":"en_US","og_type":"article","og_title":"Documents","og_description":"Axing Zrt. \u2022 Energy efficiency consulting and auditing. A market leader in the Hungarian energy consulting sector. \u2022 Documents","og_url":"https:\/\/axing.hu\/en\/documents\/","og_site_name":"Axing Zrt.","article_publisher":"https:\/\/www.facebook.com\/axinghu","article_modified_time":"2025-08-25T13:55:43+00:00","twitter_card":"summary_large_image","twitter_misc":{"Est. reading time":"1 minute"},"schema":{"@context":"https:\/\/schema.org","@graph":[{"@type":"WebPage","@id":"https:\/\/axing.hu\/en\/documents\/","url":"https:\/\/axing.hu\/en\/documents\/","name":"Axing documents","isPartOf":{"@id":"https:\/\/axing.hu\/#website"},"datePublished":"2025-07-22T12:18:45+00:00","dateModified":"2025-08-25T13:55:43+00:00","description":"Axing Zrt. \u2022 Energy efficiency consulting and auditing. A market leader in the Hungarian energy consulting sector. \u2022 Documents","breadcrumb":{"@id":"https:\/\/axing.hu\/en\/documents\/#breadcrumb"},"inLanguage":"en-US","potentialAction":[{"@type":"ReadAction","target":["https:\/\/axing.hu\/en\/documents\/"]}]},{"@type":"BreadcrumbList","@id":"https:\/\/axing.hu\/en\/documents\/#breadcrumb","itemListElement":[{"@type":"ListItem","position":1,"name":"Kezd\u0151lap","item":"https:\/\/axing.hu\/en\/"},{"@type":"ListItem","position":2,"name":"Documents"}]},{"@type":"WebSite","@id":"https:\/\/axing.hu\/#website","url":"https:\/\/axing.hu\/","name":"Axing Zrt.","description":"Az Axing Zrt. hivatalos weboldala","publisher":{"@id":"https:\/\/axing.hu\/#organization"},"potentialAction":[{"@type":"SearchAction","target":{"@type":"EntryPoint","urlTemplate":"https:\/\/axing.hu\/?s={search_term_string}"},"query-input":{"@type":"PropertyValueSpecification","valueRequired":true,"valueName":"search_term_string"}}],"inLanguage":"en-US"},{"@type":"Organization","@id":"https:\/\/axing.hu\/#organization","name":"Axing Zrt.","url":"https:\/\/axing.hu\/","logo":{"@type":"ImageObject","inLanguage":"en-US","@id":"https:\/\/axing.hu\/#\/schema\/logo\/image\/","url":"https:\/\/axing.hu\/wp-content\/uploads\/2025\/07\/cropped-AXING-sitelogo-w.png","contentUrl":"https:\/\/axing.hu\/wp-content\/uploads\/2025\/07\/cropped-AXING-sitelogo-w.png","width":512,"height":512,"caption":"Axing Zrt."},"image":{"@id":"https:\/\/axing.hu\/#\/schema\/logo\/image\/"},"sameAs":["https:\/\/www.facebook.com\/axinghu","https:\/\/www.linkedin.com\/company\/axing-ltd-\/"],"description":"Az Axing Zrt. 2003 \u00f3ta sikeresen m\u0171k\u00f6dik a magyar energetikai tan\u00e1csad\u00e1si szektor piacvezet\u0151jek\u00e9nt. Szak\u00e9rtelm\u00fcnkkel t\u00e1mogat\u00e1st ny\u00fajtunk \u00fcgyfeleinknek abban, hogy maximaliz\u00e1lj\u00e1k hat\u00e9konys\u00e1gukat \u00e9s minimaliz\u00e1lj\u00e1k energiak\u00f6lts\u00e9geiket. Komplex szolg\u00e1ltat\u00e1si portf\u00f3li\u00f3nk az energiabeszerz\u00e9st\u0151l kezdve az EKR auditon \u00e1t az energetikai audit\u00e1l\u00e1sig minden ter\u00fcleten k\u00f6lts\u00e9ghat\u00e9kony megold\u00e1sokat k\u00edn\u00e1l.","email":"kapcsolat@axing.hu","telephone":"+36 1 248 0779","legalName":"AXING Tan\u00e1csad\u00f3 \u00e9s Szolg\u00e1ltat\u00f3 Zrt.","vatID":"32638329-2-41"}]}},"_links":{"self":[{"href":"https:\/\/axing.hu\/en\/wp-json\/wp\/v2\/pages\/359","targetHints":{"allow":["GET"]}}],"collection":[{"href":"https:\/\/axing.hu\/en\/wp-json\/wp\/v2\/pages"}],"about":[{"href":"https:\/\/axing.hu\/en\/wp-json\/wp\/v2\/types\/page"}],"author":[{"embeddable":true,"href":"https:\/\/axing.hu\/en\/wp-json\/wp\/v2\/users\/3"}],"replies":[{"embeddable":true,"href":"https:\/\/axing.hu\/en\/wp-json\/wp\/v2\/comments?post=359"}],"version-history":[{"count":1,"href":"https:\/\/axing.hu\/en\/wp-json\/wp\/v2\/pages\/359\/revisions"}],"predecessor-version":[{"id":360,"href":"https:\/\/axing.hu\/en\/wp-json\/wp\/v2\/pages\/359\/revisions\/360"}],"wp:attachment":[{"href":"https:\/\/axing.hu\/en\/wp-json\/wp\/v2\/media?parent=359"}],"curies":[{"name":"wp","href":"https:\/\/api.w.org\/{rel}","templated":true}]}}