{"id":363,"date":"2025-07-22T14:37:25","date_gmt":"2025-07-22T12:37:25","guid":{"rendered":"https:\/\/axing.hu\/energy-procurement-and-competitive-tendering\/"},"modified":"2025-08-31T12:41:10","modified_gmt":"2025-08-31T10:41:10","slug":"energy-procurement-and-competitive-tendering","status":"publish","type":"page","link":"https:\/\/axing.hu\/en\/energy-procurement-and-competitive-tendering\/","title":{"rendered":"Energy Procurement and Competitive Tendering"},"content":{"rendered":"\n<div>\n<div>\n<h1 class=\"gb-text gb-text-d004dc38\"><strong>Energy Procurement and Competitive Tendering<\/strong><\/h1>\n\n\n\n<p class=\"gb-text\"><strong>With our natural gas and electricity procurement service, your company can secure an energy supply contract on the most favourable terms available on the market.<\/strong><\/p>\n\n\n\n<div class=\"wp-block-eds-animate-it-block eds-animate-block-save\"><div class=\"eds-animate animated edsanimate-sis-hidden \" data-eds-entry-animation=\"fadeIn\" data-eds-entry-delay=\"0\" data-eds-entry-duration=\"1\" data-eds-entry-timing=\"linear\" data-eds-exit-animation=\"\" data-eds-exit-delay=\"0\" data-eds-exit-duration=\"0.5\" data-eds-exit-timing=\"linear\" data-eds-repeat-count=\"1\" data-eds-keep=\"yes\" data-eds-animate-on=\"scroll\" data-eds-scroll-offset=\"40\">\n<p class=\"gb-text\">You can also rely on our expertise when defining contractual conditions. We pay close attention to ensuring that all terms are tailored to your specific needs while delivering the most cost-effective outcomes for your business.<\/p>\n\n\n\n<p class=\"gb-text\">We operate our own electronic tendering platform, where the entire competitive process is fully traceable \u2014 from issuing the tender and receiving initial bids to the conclusion of the reverse auction phase.<\/p>\n\n\n\n<p class=\"gb-text\">Our procurement process is fair, transparent, and fully auditable. Despite the volatility of the energy market, our goal is always to achieve optimal contractual terms, precisely tailored to your consumption habits and delivery requirements. <\/p>\n\n\n\n<p class=\"gb-text\">Thanks to our many years of market experience, our clients consistently sign their energy contracts each year with the highest level of satisfaction.<\/p>\n<\/div><\/div>\n<\/div>\n<\/div>\n\n\n\n<div>\n<div class=\"gb-element-9948ed1a subtitle-hero-inner\">\n<div class=\"wp-block-eds-animate-it-block eds-animate-block-save\"><div class=\"eds-animate animated edsanimate-sis-hidden \" data-eds-entry-animation=\"fadeIn\" data-eds-entry-delay=\"0\" data-eds-entry-duration=\"1\" data-eds-entry-timing=\"linear\" data-eds-exit-animation=\"\" data-eds-exit-delay=\"0\" data-eds-exit-duration=\"0.5\" data-eds-exit-timing=\"linear\" data-eds-repeat-count=\"1\" data-eds-keep=\"yes\" data-eds-animate-on=\"scroll\" data-eds-scroll-offset=\"40\">\n<h2 class=\"gb-text\">Questions and Answers<\/h2>\n<\/div><\/div>\n<\/div>\n\n\n\n<div>\n<div class=\"wp-block-eds-animate-it-block eds-animate-block-save\"><div class=\"eds-animate animated edsanimate-sis-hidden \" data-eds-entry-animation=\"fadeIn\" data-eds-entry-delay=\"0\" data-eds-entry-duration=\"1\" data-eds-entry-timing=\"linear\" data-eds-exit-animation=\"\" data-eds-exit-delay=\"0\" data-eds-exit-duration=\"0.5\" data-eds-exit-timing=\"linear\" data-eds-repeat-count=\"1\" data-eds-keep=\"yes\" data-eds-animate-on=\"scroll\" data-eds-scroll-offset=\"40\">\n<div class=\"gb-accordion\">\n<div class=\"gb-accordion__item gb-accordion__item-7d6c4b76\">\n<div role=\"button\" tabindex=\"0\" class=\"gb-accordion__toggle gb-accordion__toggle-fef92c63\" id=\"gb-accordion-toggle-fef92c63\">\n<h3 class=\"gb-text gb-text-3bd796f2\">What Does This Service Include?<\/h3>\n\n\n\n<span class=\"gb-accordion__toggle-icon gb-accordion__toggle-icon-bfdb9ab9\"><span class=\"gb-accordion__toggle-icon-open\"><svg aria-hidden=\"true\" viewbox=\"0 0 256 256\"><rect width=\"256\" height=\"256\" fill=\"none\"\/><polyline points=\"208 96 128 176 48 96\" fill=\"none\" stroke=\"currentColor\" stroke-linecap=\"round\" stroke-linejoin=\"round\" stroke-width=\"16\"><\/polyline><\/svg><\/span><span class=\"gb-accordion__toggle-icon-close\"><svg aria-hidden=\"true\" viewbox=\"0 0 256 256\"><rect width=\"256\" height=\"256\" fill=\"none\"\/><polyline points=\"48 160 128 80 208 160\" fill=\"none\" stroke=\"currentColor\" stroke-linecap=\"round\" stroke-linejoin=\"round\" stroke-width=\"16\"><\/polyline><\/svg><\/span><\/span>\n<\/div>\n\n\n\n<div class=\"gb-accordion__content\" id=\"gb-accordion-content-c38e042d\">\n<div class=\"gb-element-c9be5c48\">\n<ul class=\"wp-block-list\">\n<li>Preparing tender documentation in a format preferred by energy traders<\/li>\n\n\n\n<li>Optimising key procurement parameters<\/li>\n\n\n\n<li>Conducting a real and transparent competitive selection process for the energy supplier<\/li>\n\n\n\n<li>Reviewing the contract presented by the winning supplier<\/li>\n<\/ul>\n<\/div>\n<\/div>\n<\/div>\n<\/div>\n<\/div><\/div>\n<\/div>\n<\/div>\n","protected":false},"excerpt":{"rendered":"<p>Through our natural gas and electricity procurement services, we help reduce energy costs and secure the most favorable contract terms \u2014 all through a fully transparent and comprehensive tendering process.<\/p>\n","protected":false},"author":3,"featured_media":364,"parent":0,"menu_order":0,"comment_status":"closed","ping_status":"closed","template":"","meta":{"_acf_changed":false,"pgc_sgb_lightbox_settings":"","footnotes":""},"class_list":{"0":"post-363","1":"page","2":"type-page","3":"status-publish","4":"has-post-thumbnail","6":"resize-featured-image"},"acf":[],"yoast_head":"<!-- This site is optimized with the Yoast SEO Premium plugin v27.4 (Yoast SEO v27.4) - https:\/\/yoast.com\/product\/yoast-seo-premium-wordpress\/ -->\n<title>Energy Procurement and Competitive Tendering<\/title>\n<meta name=\"description\" content=\"Optimize your energy procurement with our tendering service. Axing Zrt. helps you secure the most favorable energy trading contracts.\" \/>\n<meta name=\"robots\" content=\"index, follow, max-snippet:-1, max-image-preview:large, max-video-preview:-1\" \/>\n<link rel=\"canonical\" href=\"https:\/\/axing.hu\/en\/energy-procurement-and-competitive-tendering\/\" \/>\n<meta property=\"og:locale\" content=\"en_US\" \/>\n<meta property=\"og:type\" content=\"article\" \/>\n<meta property=\"og:title\" content=\"Energy Procurement and Competitive Tendering\" \/>\n<meta property=\"og:description\" content=\"Optimize your energy procurement with our tendering service. Axing Zrt. helps you secure the most favorable energy trading contracts.\" \/>\n<meta property=\"og:url\" content=\"https:\/\/axing.hu\/en\/energy-procurement-and-competitive-tendering\/\" \/>\n<meta property=\"og:site_name\" content=\"Axing Zrt.\" \/>\n<meta property=\"article:publisher\" content=\"https:\/\/www.facebook.com\/axinghu\" \/>\n<meta property=\"article:modified_time\" content=\"2025-08-31T10:41:10+00:00\" \/>\n<meta property=\"og:image\" content=\"https:\/\/axing.hu\/wp-content\/uploads\/2025\/07\/Axing-Energiabeszerzes-versenyeztetes-2185887801-w.jpg\" \/>\n\t<meta property=\"og:image:width\" content=\"1920\" \/>\n\t<meta property=\"og:image:height\" content=\"1080\" \/>\n\t<meta property=\"og:image:type\" content=\"image\/jpeg\" \/>\n<meta name=\"twitter:card\" content=\"summary_large_image\" \/>\n<meta name=\"twitter:label1\" content=\"Est. reading time\" \/>\n\t<meta name=\"twitter:data1\" content=\"2 minutes\" \/>\n<script type=\"application\/ld+json\" class=\"yoast-schema-graph\">{\"@context\":\"https:\\\/\\\/schema.org\",\"@graph\":[{\"@type\":\"WebPage\",\"@id\":\"https:\\\/\\\/axing.hu\\\/en\\\/energy-procurement-and-competitive-tendering\\\/\",\"url\":\"https:\\\/\\\/axing.hu\\\/en\\\/energy-procurement-and-competitive-tendering\\\/\",\"name\":\"Energy Procurement and Competitive Tendering\",\"isPartOf\":{\"@id\":\"https:\\\/\\\/axing.hu\\\/#website\"},\"primaryImageOfPage\":{\"@id\":\"https:\\\/\\\/axing.hu\\\/en\\\/energy-procurement-and-competitive-tendering\\\/#primaryimage\"},\"image\":{\"@id\":\"https:\\\/\\\/axing.hu\\\/en\\\/energy-procurement-and-competitive-tendering\\\/#primaryimage\"},\"thumbnailUrl\":\"https:\\\/\\\/axing.hu\\\/wp-content\\\/uploads\\\/2025\\\/07\\\/Axing-Energiabeszerzes-versenyeztetes-2185887801-w.jpg\",\"datePublished\":\"2025-07-22T12:37:25+00:00\",\"dateModified\":\"2025-08-31T10:41:10+00:00\",\"description\":\"Optimize your energy procurement with our tendering service. Axing Zrt. helps you secure the most favorable energy trading contracts.\",\"breadcrumb\":{\"@id\":\"https:\\\/\\\/axing.hu\\\/en\\\/energy-procurement-and-competitive-tendering\\\/#breadcrumb\"},\"inLanguage\":\"en-US\",\"potentialAction\":[{\"@type\":\"ReadAction\",\"target\":[\"https:\\\/\\\/axing.hu\\\/en\\\/energy-procurement-and-competitive-tendering\\\/\"]}]},{\"@type\":\"ImageObject\",\"inLanguage\":\"en-US\",\"@id\":\"https:\\\/\\\/axing.hu\\\/en\\\/energy-procurement-and-competitive-tendering\\\/#primaryimage\",\"url\":\"https:\\\/\\\/axing.hu\\\/wp-content\\\/uploads\\\/2025\\\/07\\\/Axing-Energiabeszerzes-versenyeztetes-2185887801-w.jpg\",\"contentUrl\":\"https:\\\/\\\/axing.hu\\\/wp-content\\\/uploads\\\/2025\\\/07\\\/Axing-Energiabeszerzes-versenyeztetes-2185887801-w.jpg\",\"width\":1920,\"height\":1080,\"caption\":\"Energiabeszerz\u00e9s, versenyeztet\u00e9s\"},{\"@type\":\"BreadcrumbList\",\"@id\":\"https:\\\/\\\/axing.hu\\\/en\\\/energy-procurement-and-competitive-tendering\\\/#breadcrumb\",\"itemListElement\":[{\"@type\":\"ListItem\",\"position\":1,\"name\":\"Kezd\u0151lap\",\"item\":\"https:\\\/\\\/axing.hu\\\/en\\\/\"},{\"@type\":\"ListItem\",\"position\":2,\"name\":\"Energy Procurement and Competitive Tendering\"}]},{\"@type\":\"WebSite\",\"@id\":\"https:\\\/\\\/axing.hu\\\/#website\",\"url\":\"https:\\\/\\\/axing.hu\\\/\",\"name\":\"Axing Zrt.\",\"description\":\"Az Axing Zrt. hivatalos weboldala\",\"publisher\":{\"@id\":\"https:\\\/\\\/axing.hu\\\/#organization\"},\"potentialAction\":[{\"@type\":\"SearchAction\",\"target\":{\"@type\":\"EntryPoint\",\"urlTemplate\":\"https:\\\/\\\/axing.hu\\\/?s={search_term_string}\"},\"query-input\":{\"@type\":\"PropertyValueSpecification\",\"valueRequired\":true,\"valueName\":\"search_term_string\"}}],\"inLanguage\":\"en-US\"},{\"@type\":\"Organization\",\"@id\":\"https:\\\/\\\/axing.hu\\\/#organization\",\"name\":\"Axing Zrt.\",\"url\":\"https:\\\/\\\/axing.hu\\\/\",\"logo\":{\"@type\":\"ImageObject\",\"inLanguage\":\"en-US\",\"@id\":\"https:\\\/\\\/axing.hu\\\/#\\\/schema\\\/logo\\\/image\\\/\",\"url\":\"https:\\\/\\\/axing.hu\\\/wp-content\\\/uploads\\\/2025\\\/07\\\/cropped-AXING-sitelogo-w.png\",\"contentUrl\":\"https:\\\/\\\/axing.hu\\\/wp-content\\\/uploads\\\/2025\\\/07\\\/cropped-AXING-sitelogo-w.png\",\"width\":512,\"height\":512,\"caption\":\"Axing Zrt.\"},\"image\":{\"@id\":\"https:\\\/\\\/axing.hu\\\/#\\\/schema\\\/logo\\\/image\\\/\"},\"sameAs\":[\"https:\\\/\\\/www.facebook.com\\\/axinghu\",\"https:\\\/\\\/www.linkedin.com\\\/company\\\/axing-ltd-\\\/\"],\"description\":\"Az Axing Zrt. 2003 \u00f3ta sikeresen m\u0171k\u00f6dik a magyar energetikai tan\u00e1csad\u00e1si szektor piacvezet\u0151jek\u00e9nt. Szak\u00e9rtelm\u00fcnkkel t\u00e1mogat\u00e1st ny\u00fajtunk \u00fcgyfeleinknek abban, hogy maximaliz\u00e1lj\u00e1k hat\u00e9konys\u00e1gukat \u00e9s minimaliz\u00e1lj\u00e1k energiak\u00f6lts\u00e9geiket. Komplex szolg\u00e1ltat\u00e1si portf\u00f3li\u00f3nk az energiabeszerz\u00e9st\u0151l kezdve az EKR auditon \u00e1t az energetikai audit\u00e1l\u00e1sig minden ter\u00fcleten k\u00f6lts\u00e9ghat\u00e9kony megold\u00e1sokat k\u00edn\u00e1l.\",\"email\":\"kapcsolat@axing.hu\",\"telephone\":\"+36 1 248 0779\",\"legalName\":\"AXING Tan\u00e1csad\u00f3 \u00e9s Szolg\u00e1ltat\u00f3 Zrt.\",\"vatID\":\"32638329-2-41\"}]}<\/script>\n<!-- \/ Yoast SEO Premium plugin. -->","yoast_head_json":{"title":"Energy Procurement and Competitive Tendering","description":"Optimize your energy procurement with our tendering service. Axing Zrt. helps you secure the most favorable energy trading contracts.","robots":{"index":"index","follow":"follow","max-snippet":"max-snippet:-1","max-image-preview":"max-image-preview:large","max-video-preview":"max-video-preview:-1"},"canonical":"https:\/\/axing.hu\/en\/energy-procurement-and-competitive-tendering\/","og_locale":"en_US","og_type":"article","og_title":"Energy Procurement and Competitive Tendering","og_description":"Optimize your energy procurement with our tendering service. Axing Zrt. helps you secure the most favorable energy trading contracts.","og_url":"https:\/\/axing.hu\/en\/energy-procurement-and-competitive-tendering\/","og_site_name":"Axing Zrt.","article_publisher":"https:\/\/www.facebook.com\/axinghu","article_modified_time":"2025-08-31T10:41:10+00:00","og_image":[{"width":1920,"height":1080,"url":"https:\/\/axing.hu\/wp-content\/uploads\/2025\/07\/Axing-Energiabeszerzes-versenyeztetes-2185887801-w.jpg","type":"image\/jpeg"}],"twitter_card":"summary_large_image","twitter_misc":{"Est. reading time":"2 minutes"},"schema":{"@context":"https:\/\/schema.org","@graph":[{"@type":"WebPage","@id":"https:\/\/axing.hu\/en\/energy-procurement-and-competitive-tendering\/","url":"https:\/\/axing.hu\/en\/energy-procurement-and-competitive-tendering\/","name":"Energy Procurement and Competitive Tendering","isPartOf":{"@id":"https:\/\/axing.hu\/#website"},"primaryImageOfPage":{"@id":"https:\/\/axing.hu\/en\/energy-procurement-and-competitive-tendering\/#primaryimage"},"image":{"@id":"https:\/\/axing.hu\/en\/energy-procurement-and-competitive-tendering\/#primaryimage"},"thumbnailUrl":"https:\/\/axing.hu\/wp-content\/uploads\/2025\/07\/Axing-Energiabeszerzes-versenyeztetes-2185887801-w.jpg","datePublished":"2025-07-22T12:37:25+00:00","dateModified":"2025-08-31T10:41:10+00:00","description":"Optimize your energy procurement with our tendering service. Axing Zrt. helps you secure the most favorable energy trading contracts.","breadcrumb":{"@id":"https:\/\/axing.hu\/en\/energy-procurement-and-competitive-tendering\/#breadcrumb"},"inLanguage":"en-US","potentialAction":[{"@type":"ReadAction","target":["https:\/\/axing.hu\/en\/energy-procurement-and-competitive-tendering\/"]}]},{"@type":"ImageObject","inLanguage":"en-US","@id":"https:\/\/axing.hu\/en\/energy-procurement-and-competitive-tendering\/#primaryimage","url":"https:\/\/axing.hu\/wp-content\/uploads\/2025\/07\/Axing-Energiabeszerzes-versenyeztetes-2185887801-w.jpg","contentUrl":"https:\/\/axing.hu\/wp-content\/uploads\/2025\/07\/Axing-Energiabeszerzes-versenyeztetes-2185887801-w.jpg","width":1920,"height":1080,"caption":"Energiabeszerz\u00e9s, versenyeztet\u00e9s"},{"@type":"BreadcrumbList","@id":"https:\/\/axing.hu\/en\/energy-procurement-and-competitive-tendering\/#breadcrumb","itemListElement":[{"@type":"ListItem","position":1,"name":"Kezd\u0151lap","item":"https:\/\/axing.hu\/en\/"},{"@type":"ListItem","position":2,"name":"Energy Procurement and Competitive Tendering"}]},{"@type":"WebSite","@id":"https:\/\/axing.hu\/#website","url":"https:\/\/axing.hu\/","name":"Axing Zrt.","description":"Az Axing Zrt. hivatalos weboldala","publisher":{"@id":"https:\/\/axing.hu\/#organization"},"potentialAction":[{"@type":"SearchAction","target":{"@type":"EntryPoint","urlTemplate":"https:\/\/axing.hu\/?s={search_term_string}"},"query-input":{"@type":"PropertyValueSpecification","valueRequired":true,"valueName":"search_term_string"}}],"inLanguage":"en-US"},{"@type":"Organization","@id":"https:\/\/axing.hu\/#organization","name":"Axing Zrt.","url":"https:\/\/axing.hu\/","logo":{"@type":"ImageObject","inLanguage":"en-US","@id":"https:\/\/axing.hu\/#\/schema\/logo\/image\/","url":"https:\/\/axing.hu\/wp-content\/uploads\/2025\/07\/cropped-AXING-sitelogo-w.png","contentUrl":"https:\/\/axing.hu\/wp-content\/uploads\/2025\/07\/cropped-AXING-sitelogo-w.png","width":512,"height":512,"caption":"Axing Zrt."},"image":{"@id":"https:\/\/axing.hu\/#\/schema\/logo\/image\/"},"sameAs":["https:\/\/www.facebook.com\/axinghu","https:\/\/www.linkedin.com\/company\/axing-ltd-\/"],"description":"Az Axing Zrt. 2003 \u00f3ta sikeresen m\u0171k\u00f6dik a magyar energetikai tan\u00e1csad\u00e1si szektor piacvezet\u0151jek\u00e9nt. Szak\u00e9rtelm\u00fcnkkel t\u00e1mogat\u00e1st ny\u00fajtunk \u00fcgyfeleinknek abban, hogy maximaliz\u00e1lj\u00e1k hat\u00e9konys\u00e1gukat \u00e9s minimaliz\u00e1lj\u00e1k energiak\u00f6lts\u00e9geiket. Komplex szolg\u00e1ltat\u00e1si portf\u00f3li\u00f3nk az energiabeszerz\u00e9st\u0151l kezdve az EKR auditon \u00e1t az energetikai audit\u00e1l\u00e1sig minden ter\u00fcleten k\u00f6lts\u00e9ghat\u00e9kony megold\u00e1sokat k\u00edn\u00e1l.","email":"kapcsolat@axing.hu","telephone":"+36 1 248 0779","legalName":"AXING Tan\u00e1csad\u00f3 \u00e9s Szolg\u00e1ltat\u00f3 Zrt.","vatID":"32638329-2-41"}]}},"_links":{"self":[{"href":"https:\/\/axing.hu\/en\/wp-json\/wp\/v2\/pages\/363","targetHints":{"allow":["GET"]}}],"collection":[{"href":"https:\/\/axing.hu\/en\/wp-json\/wp\/v2\/pages"}],"about":[{"href":"https:\/\/axing.hu\/en\/wp-json\/wp\/v2\/types\/page"}],"author":[{"embeddable":true,"href":"https:\/\/axing.hu\/en\/wp-json\/wp\/v2\/users\/3"}],"replies":[{"embeddable":true,"href":"https:\/\/axing.hu\/en\/wp-json\/wp\/v2\/comments?post=363"}],"version-history":[{"count":1,"href":"https:\/\/axing.hu\/en\/wp-json\/wp\/v2\/pages\/363\/revisions"}],"predecessor-version":[{"id":394,"href":"https:\/\/axing.hu\/en\/wp-json\/wp\/v2\/pages\/363\/revisions\/394"}],"wp:featuredmedia":[{"embeddable":true,"href":"https:\/\/axing.hu\/en\/wp-json\/wp\/v2\/media\/364"}],"wp:attachment":[{"href":"https:\/\/axing.hu\/en\/wp-json\/wp\/v2\/media?parent=363"}],"curies":[{"name":"wp","href":"https:\/\/api.w.org\/{rel}","templated":true}]}}