{"id":367,"date":"2025-07-22T14:40:36","date_gmt":"2025-07-22T12:40:36","guid":{"rendered":"https:\/\/axing.hu\/energy-management-system\/"},"modified":"2025-09-22T13:46:41","modified_gmt":"2025-09-22T11:46:41","slug":"energy-management-system","status":"publish","type":"page","link":"https:\/\/axing.hu\/en\/energy-management-system\/","title":{"rendered":"Energy Management System"},"content":{"rendered":"\n<div>\n<div>\n<h1 class=\"gb-text gb-text-d004dc38\"><strong>Energy Management System<\/strong><\/h1>\n\n\n\n<p class=\"gb-text\"><strong>We continuously monitor the energy efficiency of your company or institution through precise measurement and analysis of energy consumption. By collecting and processing data, and identifying ongoing losses and potential areas for improvement, savings of up to 20\u201330% can be achieved. <\/strong><\/p>\n<\/div>\n\n\n\n<div class=\"gb-element-0183c8a6 .testimonial-wrapper\">\n<div class=\"wp-block-eds-animate-it-block eds-animate-block-save\"><div class=\"eds-animate animated edsanimate-sis-hidden  \" data-eds-entry-animation=\"fadeIn\" data-eds-entry-delay=\"0\" data-eds-entry-duration=\"1\" data-eds-entry-timing=\"linear\" data-eds-exit-animation=\"\" data-eds-exit-delay=\"0\" data-eds-exit-duration=\"0.5\" data-eds-exit-timing=\"linear\" data-eds-repeat-count=\"1\" data-eds-keep=\"yes\" data-eds-animate-on=\"scroll\" data-eds-scroll-offset=\"40\">\n<h2 class=\"gb-text gb-text-5937de4b\">Client Testimonials<\/h2>\n\n\n\n<div class=\"testimonial-wrapper\">\n  <div class=\"testimonial-slide\">\n    <blockquote class=\"decorated-quote\">\nThe energy management system delivered by Axing was installed and commissioned flawlessly. Compared to the previous setup, the system now provides a much more detailed view of our factory\u2019s energy processes, offering a range of useful functions and clear opportunities for further development. \n<\/blockquote>\n    <h2>Berta J\u00f3zsef<\/h2>\n    <h6>Operations Department Manager \u2022 <span>B\u00e9res Gy\u00f3gyszergy\u00e1r Zrt.<\/span><\/h6>\n  <\/div>\n\n  <!-- Navig\u00e1ci\u00f3s p\u00f6tty\u00f6k \u00e9s nyilak ide gener\u00e1l\u00f3dnak -->\n<\/div>\n<\/div><\/div>\n<\/div>\n\n\n\n<div>\n<div class=\"wp-block-eds-animate-it-block eds-animate-block-save\"><div class=\"eds-animate animated edsanimate-sis-hidden  \" data-eds-entry-animation=\"fadeIn\" data-eds-entry-delay=\"0\" data-eds-entry-duration=\"1\" data-eds-entry-timing=\"linear\" data-eds-exit-animation=\"\" data-eds-exit-delay=\"0\" data-eds-exit-duration=\"0.5\" data-eds-exit-timing=\"linear\" data-eds-repeat-count=\"1\" data-eds-keep=\"yes\" data-eds-animate-on=\"scroll\" data-eds-scroll-offset=\"40\">\n<h2 class=\"gb-text gb-text-e3e6cf24\">How the Energy Management System Works<\/h2>\n\n\n\n<p class=\"gb-text\">Our energy management system is highly versatile and can be almost entirely tailored to the specific needs of each client. It can monitor and analyse changes, distributions, significant deviations, and trends in consumption patterns. It also enables detailed evaluation of energy use per production unit. The solution is web-based, which means it operates independently of the company\u2019s internal IT infrastructure. Invoice validation becomes effortless \u2014 a single click allows you to verify the accuracy of your energy bills. Importantly, beyond energy meters, the system can also process data from other types of meters (e.g. water) upon request, and is capable of generating both regular and ad hoc reports.<\/p>\n<\/div><\/div>\n<\/div>\n<\/div>\n\n\n\n<div>\n<div class=\"gb-element-9948ed1a subtitle-hero-inner\">\n<div class=\"wp-block-eds-animate-it-block eds-animate-block-save\"><div class=\"eds-animate animated edsanimate-sis-hidden  \" data-eds-entry-animation=\"fadeIn\" data-eds-entry-delay=\"0\" data-eds-entry-duration=\"1\" data-eds-entry-timing=\"linear\" data-eds-exit-animation=\"\" data-eds-exit-delay=\"0\" data-eds-exit-duration=\"0.5\" data-eds-exit-timing=\"linear\" data-eds-repeat-count=\"1\" data-eds-keep=\"yes\" data-eds-animate-on=\"scroll\" data-eds-scroll-offset=\"40\">\n<h2 class=\"gb-text\">Questions and Answers<\/h2>\n<\/div><\/div>\n<\/div>\n\n\n\n<div>\n<div class=\"wp-block-eds-animate-it-block eds-animate-block-save\"><div class=\"eds-animate animated edsanimate-sis-hidden  \" data-eds-entry-animation=\"fadeIn\" data-eds-entry-delay=\"0\" data-eds-entry-duration=\"1\" data-eds-entry-timing=\"linear\" data-eds-exit-animation=\"\" data-eds-exit-delay=\"0\" data-eds-exit-duration=\"0.5\" data-eds-exit-timing=\"linear\" data-eds-repeat-count=\"1\" data-eds-keep=\"yes\" data-eds-animate-on=\"scroll\" data-eds-scroll-offset=\"40\">\n<div class=\"gb-accordion\">\n<div class=\"gb-accordion__item gb-accordion__item-7d6c4b76\">\n<div role=\"button\" tabindex=\"0\" class=\"gb-accordion__toggle gb-accordion__toggle-fef92c63\" id=\"gb-accordion-toggle-fef92c63\">\n<h3 class=\"gb-text gb-text-3bd796f2\">Why Do Our Clients Choose Axing?<\/h3>\n\n\n\n<span class=\"gb-accordion__toggle-icon gb-accordion__toggle-icon-bfdb9ab9\"><span class=\"gb-accordion__toggle-icon-open\"><svg aria-hidden=\"true\" viewBox=\"0 0 256 256\"><rect width=\"256\" height=\"256\" fill=\"none\"><\/rect><polyline points=\"208 96 128 176 48 96\" fill=\"none\" stroke=\"currentColor\" stroke-linecap=\"round\" stroke-linejoin=\"round\" stroke-width=\"16\"><\/polyline><\/svg><\/span><span class=\"gb-accordion__toggle-icon-close\"><svg aria-hidden=\"true\" viewBox=\"0 0 256 256\"><rect width=\"256\" height=\"256\" fill=\"none\"><\/rect><polyline points=\"48 160 128 80 208 160\" fill=\"none\" stroke=\"currentColor\" stroke-linecap=\"round\" stroke-linejoin=\"round\" stroke-width=\"16\"><\/polyline><\/svg><\/span><\/span>\n<\/div>\n\n\n\n<div class=\"gb-accordion__content\" id=\"gb-accordion-content-c38e042d\">\n<div class=\"gb-element-c9be5c48\">\n<p class=\"gb-text\">Axing Zrt. uses its own metering devices, data transmission tools, and software, offering an innovative web-based platform that includes full installation and commissioning. These complete systems are already operating successfully at hundreds of satisfied clients, and we currently manage data from over 10 000 metering points.<\/p>\n<\/div>\n<\/div>\n<\/div>\n\n\n\n<div class=\"gb-accordion__item gb-accordion__item-e8f39479\">\n<div role=\"button\" tabindex=\"0\" class=\"gb-accordion__toggle gb-accordion__toggle-dcb3b78d\" id=\"gb-accordion-toggle-dcb3b78d\">\n<h3 class=\"gb-text gb-text-b0a3dd76\">How Can I Verify My Energy Bills in the System?<\/h3>\n\n\n\n<span class=\"gb-accordion__toggle-icon gb-accordion__toggle-icon-b7e16619\"><span class=\"gb-accordion__toggle-icon-open\"><svg aria-hidden=\"true\" viewBox=\"0 0 256 256\"><rect width=\"256\" height=\"256\" fill=\"none\"><\/rect><polyline points=\"208 96 128 176 48 96\" fill=\"none\" stroke=\"currentColor\" stroke-linecap=\"round\" stroke-linejoin=\"round\" stroke-width=\"16\"><\/polyline><\/svg><\/span><span class=\"gb-accordion__toggle-icon-close\"><svg aria-hidden=\"true\" viewBox=\"0 0 256 256\"><rect width=\"256\" height=\"256\" fill=\"none\"><\/rect><polyline points=\"48 160 128 80 208 160\" fill=\"none\" stroke=\"currentColor\" stroke-linecap=\"round\" stroke-linejoin=\"round\" stroke-width=\"16\"><\/polyline><\/svg><\/span><\/span>\n<\/div>\n\n\n\n<div class=\"gb-accordion__content\" id=\"gb-accordion-content-3b2b0528\">\n<div class=\"gb-element-7a343241\">\n<p class=\"gb-text\">Based on consumption data and contractual terms, the system automatically and accurately calculates every item on your energy invoice. Once logged in, you can access a dedicated web interface tailored to your business and check your current balance at any time. <\/p>\n<\/div>\n<\/div>\n<\/div>\n\n\n\n<div class=\"gb-accordion__item gb-accordion__item-b4c14fa6\">\n<div role=\"button\" tabindex=\"0\" class=\"gb-accordion__toggle gb-accordion__toggle-8d6cbe21\" id=\"gb-accordion-toggle-8d6cbe21\">\n<h3 class=\"gb-text gb-text-c5f6f691\">What Is Required from the Client During Implementation?<\/h3>\n\n\n\n<span class=\"gb-accordion__toggle-icon gb-accordion__toggle-icon-c7689a0d\"><span class=\"gb-accordion__toggle-icon-open\"><svg aria-hidden=\"true\" viewBox=\"0 0 256 256\"><rect width=\"256\" height=\"256\" fill=\"none\"><\/rect><polyline points=\"208 96 128 176 48 96\" fill=\"none\" stroke=\"currentColor\" stroke-linecap=\"round\" stroke-linejoin=\"round\" stroke-width=\"16\"><\/polyline><\/svg><\/span><span class=\"gb-accordion__toggle-icon-close\"><svg aria-hidden=\"true\" viewBox=\"0 0 256 256\"><rect width=\"256\" height=\"256\" fill=\"none\"><\/rect><polyline points=\"48 160 128 80 208 160\" fill=\"none\" stroke=\"currentColor\" stroke-linecap=\"round\" stroke-linejoin=\"round\" stroke-width=\"16\"><\/polyline><\/svg><\/span><\/span>\n<\/div>\n\n\n\n<div class=\"gb-accordion__content\" id=\"gb-accordion-content-a0e813da\">\n<div class=\"gb-element-7ca4e0cb\">\n<p class=\"gb-text\">If needed, Axing Zrt. delivers the entire solution as a turnkey service, fully aligned with the client\u2019s expectations. <\/p>\n<\/div>\n<\/div>\n<\/div>\n<\/div>\n<\/div><\/div>\n<\/div>\n<\/div>\n","protected":false},"excerpt":{"rendered":"<p>Savings of up to 20\u201330% can be achieved by identifying losses and implementing improvements through real-time measurement and analysis of energy consumption.<\/p>\n","protected":false},"author":3,"featured_media":368,"parent":0,"menu_order":0,"comment_status":"closed","ping_status":"closed","template":"","meta":{"_acf_changed":false,"pgc_sgb_lightbox_settings":"","footnotes":""},"class_list":{"0":"post-367","1":"page","2":"type-page","3":"status-publish","4":"has-post-thumbnail","6":"resize-featured-image"},"acf":[],"yoast_head":"<!-- This site is optimized with the Yoast SEO Premium plugin v27.4 (Yoast SEO v27.4) - https:\/\/yoast.com\/product\/yoast-seo-premium-wordpress\/ -->\n<title>Energy Management System | Axing Zrt.<\/title>\n<meta name=\"description\" content=\"Tailored energy management system for businesses. Axing Zrt. helps monitor and optimize energy use while reducing costs.\" \/>\n<meta name=\"robots\" content=\"index, follow, max-snippet:-1, max-image-preview:large, max-video-preview:-1\" \/>\n<link rel=\"canonical\" href=\"https:\/\/axing.hu\/en\/energy-management-system\/\" \/>\n<meta property=\"og:locale\" content=\"en_US\" \/>\n<meta property=\"og:type\" content=\"article\" \/>\n<meta property=\"og:title\" content=\"Energy Management System\" \/>\n<meta property=\"og:description\" content=\"Tailored energy management system for businesses. Axing Zrt. helps monitor and optimize energy use while reducing costs.\" \/>\n<meta property=\"og:url\" content=\"https:\/\/axing.hu\/en\/energy-management-system\/\" \/>\n<meta property=\"og:site_name\" content=\"Axing Zrt.\" \/>\n<meta property=\"article:publisher\" content=\"https:\/\/www.facebook.com\/axinghu\" \/>\n<meta property=\"article:modified_time\" content=\"2025-09-22T11:46:41+00:00\" \/>\n<meta property=\"og:image\" content=\"https:\/\/axing.hu\/wp-content\/uploads\/2025\/07\/Axing-Energiamenedzsment-rendszer-1210902063-w.jpg\" \/>\n\t<meta property=\"og:image:width\" content=\"1920\" \/>\n\t<meta property=\"og:image:height\" content=\"1080\" \/>\n\t<meta property=\"og:image:type\" content=\"image\/jpeg\" \/>\n<meta name=\"twitter:card\" content=\"summary_large_image\" \/>\n<meta name=\"twitter:label1\" content=\"Est. reading time\" \/>\n\t<meta name=\"twitter:data1\" content=\"2 minutes\" \/>\n<script type=\"application\/ld+json\" class=\"yoast-schema-graph\">{\"@context\":\"https:\\\/\\\/schema.org\",\"@graph\":[{\"@type\":\"WebPage\",\"@id\":\"https:\\\/\\\/axing.hu\\\/en\\\/energy-management-system\\\/\",\"url\":\"https:\\\/\\\/axing.hu\\\/en\\\/energy-management-system\\\/\",\"name\":\"Energy Management System | Axing Zrt.\",\"isPartOf\":{\"@id\":\"https:\\\/\\\/axing.hu\\\/#website\"},\"primaryImageOfPage\":{\"@id\":\"https:\\\/\\\/axing.hu\\\/en\\\/energy-management-system\\\/#primaryimage\"},\"image\":{\"@id\":\"https:\\\/\\\/axing.hu\\\/en\\\/energy-management-system\\\/#primaryimage\"},\"thumbnailUrl\":\"https:\\\/\\\/axing.hu\\\/wp-content\\\/uploads\\\/2025\\\/07\\\/Axing-Energiamenedzsment-rendszer-1210902063-w.jpg\",\"datePublished\":\"2025-07-22T12:40:36+00:00\",\"dateModified\":\"2025-09-22T11:46:41+00:00\",\"description\":\"Tailored energy management system for businesses. Axing Zrt. helps monitor and optimize energy use while reducing costs.\",\"breadcrumb\":{\"@id\":\"https:\\\/\\\/axing.hu\\\/en\\\/energy-management-system\\\/#breadcrumb\"},\"inLanguage\":\"en-US\",\"potentialAction\":[{\"@type\":\"ReadAction\",\"target\":[\"https:\\\/\\\/axing.hu\\\/en\\\/energy-management-system\\\/\"]}]},{\"@type\":\"ImageObject\",\"inLanguage\":\"en-US\",\"@id\":\"https:\\\/\\\/axing.hu\\\/en\\\/energy-management-system\\\/#primaryimage\",\"url\":\"https:\\\/\\\/axing.hu\\\/wp-content\\\/uploads\\\/2025\\\/07\\\/Axing-Energiamenedzsment-rendszer-1210902063-w.jpg\",\"contentUrl\":\"https:\\\/\\\/axing.hu\\\/wp-content\\\/uploads\\\/2025\\\/07\\\/Axing-Energiamenedzsment-rendszer-1210902063-w.jpg\",\"width\":1920,\"height\":1080,\"caption\":\"Energiamenedzsment-rendszer\"},{\"@type\":\"BreadcrumbList\",\"@id\":\"https:\\\/\\\/axing.hu\\\/en\\\/energy-management-system\\\/#breadcrumb\",\"itemListElement\":[{\"@type\":\"ListItem\",\"position\":1,\"name\":\"Kezd\u0151lap\",\"item\":\"https:\\\/\\\/axing.hu\\\/en\\\/\"},{\"@type\":\"ListItem\",\"position\":2,\"name\":\"Energy Management System\"}]},{\"@type\":\"WebSite\",\"@id\":\"https:\\\/\\\/axing.hu\\\/#website\",\"url\":\"https:\\\/\\\/axing.hu\\\/\",\"name\":\"Axing Zrt.\",\"description\":\"Az Axing Zrt. hivatalos weboldala\",\"publisher\":{\"@id\":\"https:\\\/\\\/axing.hu\\\/#organization\"},\"potentialAction\":[{\"@type\":\"SearchAction\",\"target\":{\"@type\":\"EntryPoint\",\"urlTemplate\":\"https:\\\/\\\/axing.hu\\\/?s={search_term_string}\"},\"query-input\":{\"@type\":\"PropertyValueSpecification\",\"valueRequired\":true,\"valueName\":\"search_term_string\"}}],\"inLanguage\":\"en-US\"},{\"@type\":\"Organization\",\"@id\":\"https:\\\/\\\/axing.hu\\\/#organization\",\"name\":\"Axing Zrt.\",\"url\":\"https:\\\/\\\/axing.hu\\\/\",\"logo\":{\"@type\":\"ImageObject\",\"inLanguage\":\"en-US\",\"@id\":\"https:\\\/\\\/axing.hu\\\/#\\\/schema\\\/logo\\\/image\\\/\",\"url\":\"https:\\\/\\\/axing.hu\\\/wp-content\\\/uploads\\\/2025\\\/07\\\/cropped-AXING-sitelogo-w.png\",\"contentUrl\":\"https:\\\/\\\/axing.hu\\\/wp-content\\\/uploads\\\/2025\\\/07\\\/cropped-AXING-sitelogo-w.png\",\"width\":512,\"height\":512,\"caption\":\"Axing Zrt.\"},\"image\":{\"@id\":\"https:\\\/\\\/axing.hu\\\/#\\\/schema\\\/logo\\\/image\\\/\"},\"sameAs\":[\"https:\\\/\\\/www.facebook.com\\\/axinghu\",\"https:\\\/\\\/www.linkedin.com\\\/company\\\/axing-ltd-\\\/\"],\"description\":\"Az Axing Zrt. 2003 \u00f3ta sikeresen m\u0171k\u00f6dik a magyar energetikai tan\u00e1csad\u00e1si szektor piacvezet\u0151jek\u00e9nt. Szak\u00e9rtelm\u00fcnkkel t\u00e1mogat\u00e1st ny\u00fajtunk \u00fcgyfeleinknek abban, hogy maximaliz\u00e1lj\u00e1k hat\u00e9konys\u00e1gukat \u00e9s minimaliz\u00e1lj\u00e1k energiak\u00f6lts\u00e9geiket. Komplex szolg\u00e1ltat\u00e1si portf\u00f3li\u00f3nk az energiabeszerz\u00e9st\u0151l kezdve az EKR auditon \u00e1t az energetikai audit\u00e1l\u00e1sig minden ter\u00fcleten k\u00f6lts\u00e9ghat\u00e9kony megold\u00e1sokat k\u00edn\u00e1l.\",\"email\":\"kapcsolat@axing.hu\",\"telephone\":\"+36 1 248 0779\",\"legalName\":\"AXING Tan\u00e1csad\u00f3 \u00e9s Szolg\u00e1ltat\u00f3 Zrt.\",\"vatID\":\"32638329-2-41\"}]}<\/script>\n<!-- \/ Yoast SEO Premium plugin. -->","yoast_head_json":{"title":"Energy Management System | Axing Zrt.","description":"Tailored energy management system for businesses. Axing Zrt. helps monitor and optimize energy use while reducing costs.","robots":{"index":"index","follow":"follow","max-snippet":"max-snippet:-1","max-image-preview":"max-image-preview:large","max-video-preview":"max-video-preview:-1"},"canonical":"https:\/\/axing.hu\/en\/energy-management-system\/","og_locale":"en_US","og_type":"article","og_title":"Energy Management System","og_description":"Tailored energy management system for businesses. Axing Zrt. helps monitor and optimize energy use while reducing costs.","og_url":"https:\/\/axing.hu\/en\/energy-management-system\/","og_site_name":"Axing Zrt.","article_publisher":"https:\/\/www.facebook.com\/axinghu","article_modified_time":"2025-09-22T11:46:41+00:00","og_image":[{"width":1920,"height":1080,"url":"https:\/\/axing.hu\/wp-content\/uploads\/2025\/07\/Axing-Energiamenedzsment-rendszer-1210902063-w.jpg","type":"image\/jpeg"}],"twitter_card":"summary_large_image","twitter_misc":{"Est. reading time":"2 minutes"},"schema":{"@context":"https:\/\/schema.org","@graph":[{"@type":"WebPage","@id":"https:\/\/axing.hu\/en\/energy-management-system\/","url":"https:\/\/axing.hu\/en\/energy-management-system\/","name":"Energy Management System | Axing Zrt.","isPartOf":{"@id":"https:\/\/axing.hu\/#website"},"primaryImageOfPage":{"@id":"https:\/\/axing.hu\/en\/energy-management-system\/#primaryimage"},"image":{"@id":"https:\/\/axing.hu\/en\/energy-management-system\/#primaryimage"},"thumbnailUrl":"https:\/\/axing.hu\/wp-content\/uploads\/2025\/07\/Axing-Energiamenedzsment-rendszer-1210902063-w.jpg","datePublished":"2025-07-22T12:40:36+00:00","dateModified":"2025-09-22T11:46:41+00:00","description":"Tailored energy management system for businesses. Axing Zrt. helps monitor and optimize energy use while reducing costs.","breadcrumb":{"@id":"https:\/\/axing.hu\/en\/energy-management-system\/#breadcrumb"},"inLanguage":"en-US","potentialAction":[{"@type":"ReadAction","target":["https:\/\/axing.hu\/en\/energy-management-system\/"]}]},{"@type":"ImageObject","inLanguage":"en-US","@id":"https:\/\/axing.hu\/en\/energy-management-system\/#primaryimage","url":"https:\/\/axing.hu\/wp-content\/uploads\/2025\/07\/Axing-Energiamenedzsment-rendszer-1210902063-w.jpg","contentUrl":"https:\/\/axing.hu\/wp-content\/uploads\/2025\/07\/Axing-Energiamenedzsment-rendszer-1210902063-w.jpg","width":1920,"height":1080,"caption":"Energiamenedzsment-rendszer"},{"@type":"BreadcrumbList","@id":"https:\/\/axing.hu\/en\/energy-management-system\/#breadcrumb","itemListElement":[{"@type":"ListItem","position":1,"name":"Kezd\u0151lap","item":"https:\/\/axing.hu\/en\/"},{"@type":"ListItem","position":2,"name":"Energy Management System"}]},{"@type":"WebSite","@id":"https:\/\/axing.hu\/#website","url":"https:\/\/axing.hu\/","name":"Axing Zrt.","description":"Az Axing Zrt. hivatalos weboldala","publisher":{"@id":"https:\/\/axing.hu\/#organization"},"potentialAction":[{"@type":"SearchAction","target":{"@type":"EntryPoint","urlTemplate":"https:\/\/axing.hu\/?s={search_term_string}"},"query-input":{"@type":"PropertyValueSpecification","valueRequired":true,"valueName":"search_term_string"}}],"inLanguage":"en-US"},{"@type":"Organization","@id":"https:\/\/axing.hu\/#organization","name":"Axing Zrt.","url":"https:\/\/axing.hu\/","logo":{"@type":"ImageObject","inLanguage":"en-US","@id":"https:\/\/axing.hu\/#\/schema\/logo\/image\/","url":"https:\/\/axing.hu\/wp-content\/uploads\/2025\/07\/cropped-AXING-sitelogo-w.png","contentUrl":"https:\/\/axing.hu\/wp-content\/uploads\/2025\/07\/cropped-AXING-sitelogo-w.png","width":512,"height":512,"caption":"Axing Zrt."},"image":{"@id":"https:\/\/axing.hu\/#\/schema\/logo\/image\/"},"sameAs":["https:\/\/www.facebook.com\/axinghu","https:\/\/www.linkedin.com\/company\/axing-ltd-\/"],"description":"Az Axing Zrt. 2003 \u00f3ta sikeresen m\u0171k\u00f6dik a magyar energetikai tan\u00e1csad\u00e1si szektor piacvezet\u0151jek\u00e9nt. Szak\u00e9rtelm\u00fcnkkel t\u00e1mogat\u00e1st ny\u00fajtunk \u00fcgyfeleinknek abban, hogy maximaliz\u00e1lj\u00e1k hat\u00e9konys\u00e1gukat \u00e9s minimaliz\u00e1lj\u00e1k energiak\u00f6lts\u00e9geiket. Komplex szolg\u00e1ltat\u00e1si portf\u00f3li\u00f3nk az energiabeszerz\u00e9st\u0151l kezdve az EKR auditon \u00e1t az energetikai audit\u00e1l\u00e1sig minden ter\u00fcleten k\u00f6lts\u00e9ghat\u00e9kony megold\u00e1sokat k\u00edn\u00e1l.","email":"kapcsolat@axing.hu","telephone":"+36 1 248 0779","legalName":"AXING Tan\u00e1csad\u00f3 \u00e9s Szolg\u00e1ltat\u00f3 Zrt.","vatID":"32638329-2-41"}]}},"_links":{"self":[{"href":"https:\/\/axing.hu\/en\/wp-json\/wp\/v2\/pages\/367","targetHints":{"allow":["GET"]}}],"collection":[{"href":"https:\/\/axing.hu\/en\/wp-json\/wp\/v2\/pages"}],"about":[{"href":"https:\/\/axing.hu\/en\/wp-json\/wp\/v2\/types\/page"}],"author":[{"embeddable":true,"href":"https:\/\/axing.hu\/en\/wp-json\/wp\/v2\/users\/3"}],"replies":[{"embeddable":true,"href":"https:\/\/axing.hu\/en\/wp-json\/wp\/v2\/comments?post=367"}],"version-history":[{"count":2,"href":"https:\/\/axing.hu\/en\/wp-json\/wp\/v2\/pages\/367\/revisions"}],"predecessor-version":[{"id":523,"href":"https:\/\/axing.hu\/en\/wp-json\/wp\/v2\/pages\/367\/revisions\/523"}],"wp:featuredmedia":[{"embeddable":true,"href":"https:\/\/axing.hu\/en\/wp-json\/wp\/v2\/media\/368"}],"wp:attachment":[{"href":"https:\/\/axing.hu\/en\/wp-json\/wp\/v2\/media?parent=367"}],"curies":[{"name":"wp","href":"https:\/\/api.w.org\/{rel}","templated":true}]}}