{"id":371,"date":"2025-07-22T14:42:54","date_gmt":"2025-07-22T12:42:54","guid":{"rendered":"https:\/\/axing.hu\/legal-declaration\/"},"modified":"2025-07-22T14:42:54","modified_gmt":"2025-07-22T12:42:54","slug":"legal-declaration","status":"publish","type":"page","link":"https:\/\/axing.hu\/en\/legal-declaration\/","title":{"rendered":"Legal declaration"},"content":{"rendered":"\n<div class=\"gb-element-17b55933\">\n<p class=\"gb-text\">Jelen weblap \u00fczemeltet\u0151je az Axing Zrt. (sz\u00e9khely: 1027 Budapest, Kacsa utca 15-23., C\u00e9gjegyz\u00e9ksz\u00e1m: 01-10-142971 Ad\u00f3sz\u00e1m: 32638329-2-41). <\/p>\n\n\n\n<p class=\"gb-text\">Az Axing Zrt. t\u00e1j\u00e9koztatja \u00d6nt, hogy weblapj\u00e1nak l\u00e1togat\u00e1sa egyben az al\u00e1bbi felt\u00e9telek elfogad\u00e1s\u00e1t is jelenti: <\/p>\n\n\n\n<p class=\"gb-text\">A www.axing.hu, illetve annak tartalma szerz\u0151i v\u00e9delem al\u00e1 esik. Az Axing Zrt. el\u0151zetes \u00edr\u00e1sbeli enged\u00e9lye n\u00e9lk\u00fcl tilos az oldal tartalm\u00e1nak eg\u00e9sz\u00e9t vagy r\u00e9szeit b\u00e1rmilyen form\u00e1ban felhaszn\u00e1lni, terjeszteni, \u00e1tdolgozni, tov\u00e1bb\u00e1 tilos a weboldal r\u00e9sz\u00e9t k\u00e9pez\u0151 szoftverek, saj\u00e1t fejleszt\u00e9sek, technol\u00f3giai megold\u00e1sok felhaszn\u00e1l\u00e1sa \u00e9s lem\u00e1sol\u00e1sa.  <\/p>\n\n\n\n<p class=\"gb-text\">A www.axing.hu weblapon el\u00e9rhet\u0151 tartalom elt\u00e9r\u0151 megjel\u00f6l\u00e9s vagy utal\u00e1s hi\u00e1ny\u00e1ban az Axing Zrt. szellemi alkot\u00e1s\u00e1t, illetve szerz\u0151i jogv\u00e9delem al\u00e1 tartoz\u00f3 m\u0171v\u00e9t k\u00e9pezi, \u00edgy k\u00fcl\u00f6n \u00edr\u00e1sbeli enged\u00e9ly n\u00e9lk\u00fcl kiz\u00e1r\u00f3lag a vonatkoz\u00f3 jogszab\u00e1lyi el\u0151\u00edr\u00e1soknak megfelel\u0151en haszn\u00e1lhat\u00f3 fel. <\/p>\n\n\n\n<p class=\"gb-text\">A weblapon tal\u00e1lhat\u00f3 inform\u00e1ci\u00f3k kiz\u00e1r\u00f3lag az \u00e1ltal\u00e1nos t\u00e1j\u00e9koztat\u00e1st szolg\u00e1lj\u00e1k, azokat a weblap l\u00e1togat\u00f3i saj\u00e1t felel\u0151ss\u00e9g\u00fckre haszn\u00e1lhatj\u00e1k. Az ilyen felhaszn\u00e1l\u00e1s kiz\u00e1r\u00f3lag szem\u00e9lyes c\u00e9lb\u00f3l t\u00f6rt\u00e9nhet, j\u00f6vedelemszerz\u00e9s c\u00e9lj\u00e1t k\u00f6zvetlen\u00fcl \u00e9s k\u00f6zvetett m\u00f3don sem szolg\u00e1lhatja. <\/p>\n\n\n\n<p class=\"gb-text\">C\u00e9g\u00fcnk felel\u0151ss\u00e9get nem v\u00e1llal azok\u00e9rt az esetlegesen bek\u00f6vetkez\u0151 k\u00f6zvetlen vagy k\u00f6zvetett k\u00e1rok\u00e9rt, vesztes\u00e9gek\u00e9rt, k\u00f6lts\u00e9gek\u00e9rt, amelyek a honlap haszn\u00e1lat\u00e1b\u00f3l, annak nem megfelel\u0151 m\u0171k\u00f6d\u00e9s\u00e9b\u0151l, \u00fczemzavar\u00e1b\u00f3l, az adatok b\u00e1rki \u00e1ltal t\u00f6rt\u00e9n\u0151 illet\u00e9ktelen megv\u00e1ltoztat\u00e1s\u00e1b\u00f3l keletkeznek, illetve amelyek az inform\u00e1ci\u00f3tov\u00e1bb\u00edt\u00e1si k\u00e9sedelemb\u0151l, sz\u00e1m\u00edt\u00f3g\u00e9pes v\u00edrusb\u00f3l, vonal- vagy rendszerhib\u00e1b\u00f3l, vagy m\u00e1s hasonl\u00f3 okb\u00f3l sz\u00e1rmaznak.<\/p>\n\n\n\n<p class=\"gb-text\">Az Axing Zrt. minden er\u0151fesz\u00edt\u00e9st megtett annak biztos\u00edt\u00e1s\u00e1ra, hogy a honlapj\u00e1n k\u00f6z\u00f6lt minden inform\u00e1ci\u00f3 pontos legyen felt\u00f6lt\u00e9se id\u0151pontj\u00e1ban. <\/p>\n\n\n\n<p class=\"gb-text\">Ennek ellen\u00e9re nem v\u00e1llalunk szavatoss\u00e1got a jelen port\u00e1lon kereszt\u00fcl ny\u00fajtott inform\u00e1ci\u00f3k\u00e9rt, \u00e9s fenntartjuk a jogot arra, hogy \u00e9rtes\u00edt\u00e9s n\u00e9lk\u00fcl b\u00e1rmikor v\u00e1ltoztat\u00e1sokat \u00e9s jav\u00edt\u00e1sokat hajtsunk v\u00e9gre. Tov\u00e1bb\u00e1 v\u00e1llalatunkat nem terheli felel\u0151ss\u00e9g a honlap tartalm\u00e1nak pontoss\u00e1g\u00e1\u00e9rt, megb\u00edzhat\u00f3s\u00e1g\u00e1\u00e9rt, hibamentess\u00e9g\u00e9\u00e9rt vagy zavartalan m\u0171k\u00f6d\u00e9s\u00e9\u00e9rt. <\/p>\n\n\n\n<p class=\"gb-text\">A honlapon tal\u00e1lhat\u00f3 harmadik f\u00e9l \u00e1ltal \u00fczemeltetett weboldalra elvezet\u0151 link. E weboldalak tartalm\u00e1\u00e9rt \u00e9s szolg\u00e1ltat\u00f3ik adatkezel\u00e9si gyakorlat\u00e1\u00e9rt nem v\u00e1llalunk felel\u0151ss\u00e9get. <\/p>\n\n\n\n<p class=\"gb-text\">K\u00e9rj\u00fck a fentiek tudom\u00e1sul v\u00e9tel\u00e9t:<\/p>\n\n\n\n<p class=\"gb-text\">Axing Zrt.<\/p>\n<\/div>\n","protected":false},"excerpt":{"rendered":"<p>Jelen weblap \u00fczemeltet\u0151je az Axing Zrt. (sz\u00e9khely: 1027 Budapest, Kacsa utca 15-23., C\u00e9gjegyz\u00e9ksz\u00e1m: 01-10-142971 Ad\u00f3sz\u00e1m: 32638329-2-41). Az Axing Zrt. t\u00e1j\u00e9koztatja \u00d6nt, hogy weblapj\u00e1nak l\u00e1togat\u00e1sa egyben az al\u00e1bbi felt\u00e9telek elfogad\u00e1s\u00e1t is jelenti: A www.axing.hu, illetve annak tartalma szerz\u0151i v\u00e9delem al\u00e1 esik. Az Axing Zrt. el\u0151zetes \u00edr\u00e1sbeli enged\u00e9lye n\u00e9lk\u00fcl tilos az oldal tartalm\u00e1nak eg\u00e9sz\u00e9t vagy r\u00e9szeit b\u00e1rmilyen &#8230; <\/p>\n<p class=\"read-more-container\"><a title=\"Legal declaration\" class=\"read-more button\" href=\"https:\/\/axing.hu\/en\/legal-declaration\/#more-371\" aria-label=\"Read more about Legal declaration\">Read more<\/a><\/p>\n","protected":false},"author":3,"featured_media":0,"parent":0,"menu_order":0,"comment_status":"closed","ping_status":"closed","template":"","meta":{"_acf_changed":false,"pgc_sgb_lightbox_settings":"","footnotes":""},"class_list":["post-371","page","type-page","status-publish"],"acf":[],"yoast_head":"<!-- This site is optimized with the Yoast SEO Premium plugin v27.4 (Yoast SEO v27.4) - https:\/\/yoast.com\/product\/yoast-seo-premium-wordpress\/ -->\n<title>Axing \u2013 Legal declaration<\/title>\n<meta name=\"description\" content=\"Axing legal declaration \u2022 Energy efficiency consulting and auditing. Axing is the market leader in the Hungarian energy consulting sector.\" \/>\n<meta name=\"robots\" content=\"index, follow, max-snippet:-1, max-image-preview:large, max-video-preview:-1\" \/>\n<link rel=\"canonical\" href=\"https:\/\/axing.hu\/en\/legal-declaration\/\" \/>\n<meta property=\"og:locale\" content=\"en_US\" \/>\n<meta property=\"og:type\" content=\"article\" \/>\n<meta property=\"og:title\" content=\"Legal declaration\" \/>\n<meta property=\"og:description\" content=\"Axing legal declaration \u2022 Energy efficiency consulting and auditing. Axing is the market leader in the Hungarian energy consulting sector.\" \/>\n<meta property=\"og:url\" content=\"https:\/\/axing.hu\/en\/legal-declaration\/\" \/>\n<meta property=\"og:site_name\" content=\"Axing Zrt.\" \/>\n<meta property=\"article:publisher\" content=\"https:\/\/www.facebook.com\/axinghu\" \/>\n<meta name=\"twitter:card\" content=\"summary_large_image\" \/>\n<meta name=\"twitter:label1\" content=\"Est. reading time\" \/>\n\t<meta name=\"twitter:data1\" content=\"2 minutes\" \/>\n<script type=\"application\/ld+json\" class=\"yoast-schema-graph\">{\"@context\":\"https:\\\/\\\/schema.org\",\"@graph\":[{\"@type\":\"WebPage\",\"@id\":\"https:\\\/\\\/axing.hu\\\/en\\\/legal-declaration\\\/\",\"url\":\"https:\\\/\\\/axing.hu\\\/en\\\/legal-declaration\\\/\",\"name\":\"Axing \u2013 Legal declaration\",\"isPartOf\":{\"@id\":\"https:\\\/\\\/axing.hu\\\/#website\"},\"datePublished\":\"2025-07-22T12:42:54+00:00\",\"description\":\"Axing legal declaration \u2022 Energy efficiency consulting and auditing. Axing is the market leader in the Hungarian energy consulting sector.\",\"breadcrumb\":{\"@id\":\"https:\\\/\\\/axing.hu\\\/en\\\/legal-declaration\\\/#breadcrumb\"},\"inLanguage\":\"en-US\",\"potentialAction\":[{\"@type\":\"ReadAction\",\"target\":[\"https:\\\/\\\/axing.hu\\\/en\\\/legal-declaration\\\/\"]}]},{\"@type\":\"BreadcrumbList\",\"@id\":\"https:\\\/\\\/axing.hu\\\/en\\\/legal-declaration\\\/#breadcrumb\",\"itemListElement\":[{\"@type\":\"ListItem\",\"position\":1,\"name\":\"Kezd\u0151lap\",\"item\":\"https:\\\/\\\/axing.hu\\\/en\\\/\"},{\"@type\":\"ListItem\",\"position\":2,\"name\":\"Legal declaration\"}]},{\"@type\":\"WebSite\",\"@id\":\"https:\\\/\\\/axing.hu\\\/#website\",\"url\":\"https:\\\/\\\/axing.hu\\\/\",\"name\":\"Axing Zrt.\",\"description\":\"Az Axing Zrt. hivatalos weboldala\",\"publisher\":{\"@id\":\"https:\\\/\\\/axing.hu\\\/#organization\"},\"potentialAction\":[{\"@type\":\"SearchAction\",\"target\":{\"@type\":\"EntryPoint\",\"urlTemplate\":\"https:\\\/\\\/axing.hu\\\/?s={search_term_string}\"},\"query-input\":{\"@type\":\"PropertyValueSpecification\",\"valueRequired\":true,\"valueName\":\"search_term_string\"}}],\"inLanguage\":\"en-US\"},{\"@type\":\"Organization\",\"@id\":\"https:\\\/\\\/axing.hu\\\/#organization\",\"name\":\"Axing Zrt.\",\"url\":\"https:\\\/\\\/axing.hu\\\/\",\"logo\":{\"@type\":\"ImageObject\",\"inLanguage\":\"en-US\",\"@id\":\"https:\\\/\\\/axing.hu\\\/#\\\/schema\\\/logo\\\/image\\\/\",\"url\":\"https:\\\/\\\/axing.hu\\\/wp-content\\\/uploads\\\/2025\\\/07\\\/cropped-AXING-sitelogo-w.png\",\"contentUrl\":\"https:\\\/\\\/axing.hu\\\/wp-content\\\/uploads\\\/2025\\\/07\\\/cropped-AXING-sitelogo-w.png\",\"width\":512,\"height\":512,\"caption\":\"Axing Zrt.\"},\"image\":{\"@id\":\"https:\\\/\\\/axing.hu\\\/#\\\/schema\\\/logo\\\/image\\\/\"},\"sameAs\":[\"https:\\\/\\\/www.facebook.com\\\/axinghu\",\"https:\\\/\\\/www.linkedin.com\\\/company\\\/axing-ltd-\\\/\"],\"description\":\"Az Axing Zrt. 2003 \u00f3ta sikeresen m\u0171k\u00f6dik a magyar energetikai tan\u00e1csad\u00e1si szektor piacvezet\u0151jek\u00e9nt. Szak\u00e9rtelm\u00fcnkkel t\u00e1mogat\u00e1st ny\u00fajtunk \u00fcgyfeleinknek abban, hogy maximaliz\u00e1lj\u00e1k hat\u00e9konys\u00e1gukat \u00e9s minimaliz\u00e1lj\u00e1k energiak\u00f6lts\u00e9geiket. Komplex szolg\u00e1ltat\u00e1si portf\u00f3li\u00f3nk az energiabeszerz\u00e9st\u0151l kezdve az EKR auditon \u00e1t az energetikai audit\u00e1l\u00e1sig minden ter\u00fcleten k\u00f6lts\u00e9ghat\u00e9kony megold\u00e1sokat k\u00edn\u00e1l.\",\"email\":\"kapcsolat@axing.hu\",\"telephone\":\"+36 1 248 0779\",\"legalName\":\"AXING Tan\u00e1csad\u00f3 \u00e9s Szolg\u00e1ltat\u00f3 Zrt.\",\"vatID\":\"32638329-2-41\"}]}<\/script>\n<!-- \/ Yoast SEO Premium plugin. -->","yoast_head_json":{"title":"Axing \u2013 Legal declaration","description":"Axing legal declaration \u2022 Energy efficiency consulting and auditing. Axing is the market leader in the Hungarian energy consulting sector.","robots":{"index":"index","follow":"follow","max-snippet":"max-snippet:-1","max-image-preview":"max-image-preview:large","max-video-preview":"max-video-preview:-1"},"canonical":"https:\/\/axing.hu\/en\/legal-declaration\/","og_locale":"en_US","og_type":"article","og_title":"Legal declaration","og_description":"Axing legal declaration \u2022 Energy efficiency consulting and auditing. Axing is the market leader in the Hungarian energy consulting sector.","og_url":"https:\/\/axing.hu\/en\/legal-declaration\/","og_site_name":"Axing Zrt.","article_publisher":"https:\/\/www.facebook.com\/axinghu","twitter_card":"summary_large_image","twitter_misc":{"Est. reading time":"2 minutes"},"schema":{"@context":"https:\/\/schema.org","@graph":[{"@type":"WebPage","@id":"https:\/\/axing.hu\/en\/legal-declaration\/","url":"https:\/\/axing.hu\/en\/legal-declaration\/","name":"Axing \u2013 Legal declaration","isPartOf":{"@id":"https:\/\/axing.hu\/#website"},"datePublished":"2025-07-22T12:42:54+00:00","description":"Axing legal declaration \u2022 Energy efficiency consulting and auditing. Axing is the market leader in the Hungarian energy consulting sector.","breadcrumb":{"@id":"https:\/\/axing.hu\/en\/legal-declaration\/#breadcrumb"},"inLanguage":"en-US","potentialAction":[{"@type":"ReadAction","target":["https:\/\/axing.hu\/en\/legal-declaration\/"]}]},{"@type":"BreadcrumbList","@id":"https:\/\/axing.hu\/en\/legal-declaration\/#breadcrumb","itemListElement":[{"@type":"ListItem","position":1,"name":"Kezd\u0151lap","item":"https:\/\/axing.hu\/en\/"},{"@type":"ListItem","position":2,"name":"Legal declaration"}]},{"@type":"WebSite","@id":"https:\/\/axing.hu\/#website","url":"https:\/\/axing.hu\/","name":"Axing Zrt.","description":"Az Axing Zrt. hivatalos weboldala","publisher":{"@id":"https:\/\/axing.hu\/#organization"},"potentialAction":[{"@type":"SearchAction","target":{"@type":"EntryPoint","urlTemplate":"https:\/\/axing.hu\/?s={search_term_string}"},"query-input":{"@type":"PropertyValueSpecification","valueRequired":true,"valueName":"search_term_string"}}],"inLanguage":"en-US"},{"@type":"Organization","@id":"https:\/\/axing.hu\/#organization","name":"Axing Zrt.","url":"https:\/\/axing.hu\/","logo":{"@type":"ImageObject","inLanguage":"en-US","@id":"https:\/\/axing.hu\/#\/schema\/logo\/image\/","url":"https:\/\/axing.hu\/wp-content\/uploads\/2025\/07\/cropped-AXING-sitelogo-w.png","contentUrl":"https:\/\/axing.hu\/wp-content\/uploads\/2025\/07\/cropped-AXING-sitelogo-w.png","width":512,"height":512,"caption":"Axing Zrt."},"image":{"@id":"https:\/\/axing.hu\/#\/schema\/logo\/image\/"},"sameAs":["https:\/\/www.facebook.com\/axinghu","https:\/\/www.linkedin.com\/company\/axing-ltd-\/"],"description":"Az Axing Zrt. 2003 \u00f3ta sikeresen m\u0171k\u00f6dik a magyar energetikai tan\u00e1csad\u00e1si szektor piacvezet\u0151jek\u00e9nt. Szak\u00e9rtelm\u00fcnkkel t\u00e1mogat\u00e1st ny\u00fajtunk \u00fcgyfeleinknek abban, hogy maximaliz\u00e1lj\u00e1k hat\u00e9konys\u00e1gukat \u00e9s minimaliz\u00e1lj\u00e1k energiak\u00f6lts\u00e9geiket. Komplex szolg\u00e1ltat\u00e1si portf\u00f3li\u00f3nk az energiabeszerz\u00e9st\u0151l kezdve az EKR auditon \u00e1t az energetikai audit\u00e1l\u00e1sig minden ter\u00fcleten k\u00f6lts\u00e9ghat\u00e9kony megold\u00e1sokat k\u00edn\u00e1l.","email":"kapcsolat@axing.hu","telephone":"+36 1 248 0779","legalName":"AXING Tan\u00e1csad\u00f3 \u00e9s Szolg\u00e1ltat\u00f3 Zrt.","vatID":"32638329-2-41"}]}},"_links":{"self":[{"href":"https:\/\/axing.hu\/en\/wp-json\/wp\/v2\/pages\/371","targetHints":{"allow":["GET"]}}],"collection":[{"href":"https:\/\/axing.hu\/en\/wp-json\/wp\/v2\/pages"}],"about":[{"href":"https:\/\/axing.hu\/en\/wp-json\/wp\/v2\/types\/page"}],"author":[{"embeddable":true,"href":"https:\/\/axing.hu\/en\/wp-json\/wp\/v2\/users\/3"}],"replies":[{"embeddable":true,"href":"https:\/\/axing.hu\/en\/wp-json\/wp\/v2\/comments?post=371"}],"version-history":[{"count":0,"href":"https:\/\/axing.hu\/en\/wp-json\/wp\/v2\/pages\/371\/revisions"}],"wp:attachment":[{"href":"https:\/\/axing.hu\/en\/wp-json\/wp\/v2\/media?parent=371"}],"curies":[{"name":"wp","href":"https:\/\/api.w.org\/{rel}","templated":true}]}}