{"id":372,"date":"2025-07-22T14:44:45","date_gmt":"2025-07-22T12:44:45","guid":{"rendered":"https:\/\/axing.hu\/mandatory-energy-audit-for-heating-and-or-cooling-systems-over-70-kw\/"},"modified":"2025-09-22T13:42:06","modified_gmt":"2025-09-22T11:42:06","slug":"mandatory-energy-audit-for-heating-and-or-cooling-systems-over-70-kw","status":"publish","type":"page","link":"https:\/\/axing.hu\/en\/mandatory-energy-audit-for-heating-and-or-cooling-systems-over-70-kw\/","title":{"rendered":"Mandatory Energy Audit for Heating and\/or Cooling Systems Over 70 kW"},"content":{"rendered":"\n<div>\n<div>\n<h1 class=\"gb-text gb-text-d004dc38\"><strong>Mandatory Energy Audit for Heating and\/or Cooling Systems Over 70 kW<\/strong><\/h1>\n\n\n\n<p class=\"gb-text\"><strong>If your organisation operates a heating and\/or cooling system with a capacity exceeding 70 kW, commissioned before 1 January 2022, it is important to note that the deadline for the mandatory energy audit is 31 December 2025. The audit is required under the provisions of Government Decree No. 666\/2020 (XII.28.).     <\/strong><\/p>\n<\/div>\n\n\n\n<div>\n<div class=\"wp-block-eds-animate-it-block eds-animate-block-save\"><div class=\"eds-animate animated edsanimate-sis-hidden  \" data-eds-entry-animation=\"fadeIn\" data-eds-entry-delay=\"0\" data-eds-entry-duration=\"1\" data-eds-entry-timing=\"linear\" data-eds-exit-animation=\"\" data-eds-exit-delay=\"0\" data-eds-exit-duration=\"0.5\" data-eds-exit-timing=\"linear\" data-eds-repeat-count=\"1\" data-eds-keep=\"yes\" data-eds-animate-on=\"scroll\" data-eds-scroll-offset=\"40\">\n<h2 class=\"gb-text gb-text-e3e6cf24\">Who Is Affected by This Obligation?<\/h2>\n\n\n\n<p class=\"gb-text\">The regulation applies to <strong>all organisations and institutions with buildings <\/strong>that operate heating or cooling systems above 70 kW, including:<\/p>\n\n\n\n<ul class=\"wp-block-list\">\n<li>Companies and industrial operators<\/li>\n\n\n\n<li>Housing associations and property managers<\/li>\n\n\n\n<li>Municipalities and public institutions<\/li>\n\n\n\n<li>Any other operators of building energy systems<\/li>\n<\/ul>\n<\/div><\/div>\n<\/div>\n\n\n\n<div>\n<div class=\"wp-block-eds-animate-it-block eds-animate-block-save\"><div class=\"eds-animate animated edsanimate-sis-hidden  \" data-eds-entry-animation=\"fadeIn\" data-eds-entry-delay=\"0\" data-eds-entry-duration=\"1\" data-eds-entry-timing=\"linear\" data-eds-exit-animation=\"\" data-eds-exit-delay=\"0\" data-eds-exit-duration=\"0.5\" data-eds-exit-timing=\"linear\" data-eds-repeat-count=\"1\" data-eds-keep=\"yes\" data-eds-animate-on=\"scroll\" data-eds-scroll-offset=\"40\">\n<h2 class=\"gb-text gb-text-50b985e7\">Purpose of the Audit<\/h2>\n\n\n\n<p class=\"gb-text\">The energy audit provides a reliable overview of the <strong>energy efficiency<\/strong> of the relevant equipment and systems. Its goal is to support the optimisation of energy consumption and operational costs.<\/p>\n<\/div><\/div>\n<\/div>\n\n\n\n<div>\n<div class=\"wp-block-eds-animate-it-block eds-animate-block-save\"><div class=\"eds-animate animated edsanimate-sis-hidden  \" data-eds-entry-animation=\"fadeIn\" data-eds-entry-delay=\"0\" data-eds-entry-duration=\"1\" data-eds-entry-timing=\"linear\" data-eds-exit-animation=\"\" data-eds-exit-delay=\"0\" data-eds-exit-duration=\"0.5\" data-eds-exit-timing=\"linear\" data-eds-repeat-count=\"1\" data-eds-keep=\"yes\" data-eds-animate-on=\"scroll\" data-eds-scroll-offset=\"40\">\n<h2 class=\"gb-text gb-text-c1683f10\">When Must the Audit Be Carried Out?<\/h2>\n\n\n\n<p class=\"gb-text\">The exact obligations depend on the commissioning date of the system and the type of operator:<\/p>\n\n\n\n<figure class=\"wp-block-table is-style-stripes\"><table class=\"has-fixed-layout\"><thead><tr><th><strong>System type<\/strong><\/th><th><strong>Deadline<\/strong><\/th><\/tr><\/thead><tbody><tr><td>Systems commissioned before 1 January 2022<\/td><td><strong>By 31 December 2025<\/strong><\/td><\/tr><tr><td>New systems<\/td><td>Within 1 year <strong>of commissioning<\/strong><\/td><\/tr><tr><td>Repeat audit of existing systems<\/td><td>Every <strong>8 years<\/strong>, or every <strong>4 years<\/strong> for large enterprises<\/td><\/tr><\/tbody><\/table><\/figure>\n<\/div><\/div>\n<\/div>\n\n\n\n<div>\n<div class=\"wp-block-eds-animate-it-block eds-animate-block-save\"><div class=\"eds-animate animated edsanimate-sis-hidden  \" data-eds-entry-animation=\"fadeIn\" data-eds-entry-delay=\"0\" data-eds-entry-duration=\"1\" data-eds-entry-timing=\"linear\" data-eds-exit-animation=\"\" data-eds-exit-delay=\"0\" data-eds-exit-duration=\"0.5\" data-eds-exit-timing=\"linear\" data-eds-repeat-count=\"1\" data-eds-keep=\"yes\" data-eds-animate-on=\"scroll\" data-eds-scroll-offset=\"40\">\n<h2 class=\"gb-text gb-text-ae1abc56\">Key Information<\/h2>\n\n\n\n<ul class=\"wp-block-list\">\n<li>The audit requirement applies to all heating and cooling systems <strong>above 70 kW<\/strong>.<\/li>\n\n\n\n<li>Systems are affected if they <strong>serve building heating or cooling purposes<\/strong>, even partially.<\/li>\n\n\n\n<li><strong>Heat generators used solely for technological purposes are exempt from the obligation.<\/strong><\/li>\n\n\n\n<li>The audit must be carried out only by a <strong>certified expert<\/strong> registered with <strong>the National Climate Protection Authority<\/strong>.<\/li>\n\n\n\n<li>Results must be recorded in the <strong>Climate Gas Database<\/strong>.<\/li>\n\n\n\n<li>Even <strong>in cases of exemption<\/strong>, the system must still be reported \u2014 this remains a legal obligation.<\/li>\n\n\n\n<li>Failure to comply may result in <strong>regulatory fines<\/strong>.<\/li>\n<\/ul>\n<\/div><\/div>\n<\/div>\n\n\n\n<div>\n<div class=\"wp-block-eds-animate-it-block eds-animate-block-save\"><div class=\"eds-animate animated edsanimate-sis-hidden  \" data-eds-entry-animation=\"fadeIn\" data-eds-entry-delay=\"0\" data-eds-entry-duration=\"1\" data-eds-entry-timing=\"linear\" data-eds-exit-animation=\"\" data-eds-exit-delay=\"0\" data-eds-exit-duration=\"0.5\" data-eds-exit-timing=\"linear\" data-eds-repeat-count=\"1\" data-eds-keep=\"yes\" data-eds-animate-on=\"scroll\" data-eds-scroll-offset=\"40\">\n<h2 class=\"gb-text gb-text-bab79f3c\">Legal Framework<\/h2>\n\n\n\n<p class=\"gb-text\">The mandatory energy audit is prescribed by the following legislation:<\/p>\n\n\n\n<ul class=\"wp-block-list\">\n<li><a href=\"https:\/\/net.jogtar.hu\/jogszabaly?docid=A1500057.TV\" target=\"_blank\" rel=\"noreferrer noopener\"><strong>2015. Act LVII of 2015 on Energy Efficiency <\/strong><\/a> in particular Chapter VIII\/A, Section 25\/A<\/li>\n\n\n\n<li><a href=\"https:\/\/net.jogtar.hu\/jogszabaly?docid=a2100019.itm\" target=\"_blank\" rel=\"noreferrer noopener\"><strong>19\/2021. Decree No. 19\/2021 (IV.14.) of the Ministry for Innovation and Technology <\/strong><\/a> \u2013 implementing rules<\/li>\n\n\n\n<li><a href=\"https:\/\/net.jogtar.hu\/jogszabaly?docid=a2000666.kor\" target=\"_blank\" rel=\"noreferrer noopener\"><strong>666\/2020. Government Decree No. 666\/2020 (XII.28.) <\/strong><\/a> \u2013 detailed provisions on the audit<\/li>\n<\/ul>\n<\/div><\/div>\n<\/div>\n\n\n\n<div>\n<div class=\"wp-block-eds-animate-it-block eds-animate-block-save\"><div class=\"eds-animate animated edsanimate-sis-hidden  \" data-eds-entry-animation=\"fadeIn\" data-eds-entry-delay=\"0\" data-eds-entry-duration=\"1\" data-eds-entry-timing=\"linear\" data-eds-exit-animation=\"\" data-eds-exit-delay=\"0\" data-eds-exit-duration=\"0.5\" data-eds-exit-timing=\"linear\" data-eds-repeat-count=\"1\" data-eds-keep=\"yes\" data-eds-animate-on=\"scroll\" data-eds-scroll-offset=\"40\">\n<h2 class=\"gb-text gb-text-bea6a84b\">Why Act Now?<\/h2>\n\n\n\n<p class=\"gb-text\">The deadline is set by law \u2014 delays can be <strong>costly and risky<\/strong>, potentially resulting in fines or complications with operating licences.<\/p>\n\n\n\n<p class=\"gb-text\">Our experienced team provides comprehensive support <strong>in carrying out energy audits<\/strong>, ensuring full legal compliance, and managing all related administrative processes.<\/p>\n\n\n\n<p class=\"gb-text\"><strong>Get in touch with us<\/strong> today and let\u2019s ensure your compliance in time.<\/p>\n<\/div><\/div>\n<\/div>\n<\/div>\n","protected":false},"excerpt":{"rendered":"<p>Deadline: 31 December 2025. A mandatory audit applies to all heating and cooling systems over 70 kW \u2014 full details and legal background in one place.  <\/p>\n","protected":false},"author":3,"featured_media":373,"parent":0,"menu_order":0,"comment_status":"closed","ping_status":"closed","template":"","meta":{"_acf_changed":false,"pgc_sgb_lightbox_settings":"","footnotes":""},"class_list":{"0":"post-372","1":"page","2":"type-page","3":"status-publish","4":"has-post-thumbnail","6":"resize-featured-image"},"acf":[],"yoast_head":"<!-- This site is optimized with the Yoast SEO Premium plugin v27.4 (Yoast SEO v27.4) - https:\/\/yoast.com\/product\/yoast-seo-premium-wordpress\/ -->\n<title>Energy inspection for cooling\/heating systems above 70 kW<\/title>\n<meta name=\"description\" content=\"Mandatory Energy Audit by Axing for Heating and\/or Cooling Systems Over 70 kW\" \/>\n<meta name=\"robots\" content=\"index, follow, max-snippet:-1, max-image-preview:large, max-video-preview:-1\" \/>\n<link rel=\"canonical\" href=\"https:\/\/axing.hu\/en\/mandatory-energy-audit-for-heating-and-or-cooling-systems-over-70-kw\/\" \/>\n<meta property=\"og:locale\" content=\"en_US\" \/>\n<meta property=\"og:type\" content=\"article\" \/>\n<meta property=\"og:title\" content=\"Mandatory Energy Audit for Heating and\/or Cooling Systems Over 70 kW\" \/>\n<meta property=\"og:description\" content=\"Mandatory Energy Audit by Axing for Heating and\/or Cooling Systems Over 70 kW\" \/>\n<meta property=\"og:url\" content=\"https:\/\/axing.hu\/en\/mandatory-energy-audit-for-heating-and-or-cooling-systems-over-70-kw\/\" \/>\n<meta property=\"og:site_name\" content=\"Axing Zrt.\" \/>\n<meta property=\"article:publisher\" content=\"https:\/\/www.facebook.com\/axinghu\" \/>\n<meta property=\"article:modified_time\" content=\"2025-09-22T11:42:06+00:00\" \/>\n<meta property=\"og:image\" content=\"https:\/\/axing.hu\/wp-content\/uploads\/2025\/07\/Axing-kotelezo-energetikai-felulvizsgalat-70kw-1722592940-w.jpg\" \/>\n\t<meta property=\"og:image:width\" content=\"1920\" \/>\n\t<meta property=\"og:image:height\" content=\"1080\" \/>\n\t<meta property=\"og:image:type\" content=\"image\/jpeg\" \/>\n<meta name=\"twitter:card\" content=\"summary_large_image\" \/>\n<meta name=\"twitter:label1\" content=\"Est. reading time\" \/>\n\t<meta name=\"twitter:data1\" content=\"3 minutes\" \/>\n<script type=\"application\/ld+json\" class=\"yoast-schema-graph\">{\"@context\":\"https:\\\/\\\/schema.org\",\"@graph\":[{\"@type\":\"WebPage\",\"@id\":\"https:\\\/\\\/axing.hu\\\/en\\\/mandatory-energy-audit-for-heating-and-or-cooling-systems-over-70-kw\\\/\",\"url\":\"https:\\\/\\\/axing.hu\\\/en\\\/mandatory-energy-audit-for-heating-and-or-cooling-systems-over-70-kw\\\/\",\"name\":\"Energy inspection for cooling\\\/heating systems above 70 kW\",\"isPartOf\":{\"@id\":\"https:\\\/\\\/axing.hu\\\/#website\"},\"primaryImageOfPage\":{\"@id\":\"https:\\\/\\\/axing.hu\\\/en\\\/mandatory-energy-audit-for-heating-and-or-cooling-systems-over-70-kw\\\/#primaryimage\"},\"image\":{\"@id\":\"https:\\\/\\\/axing.hu\\\/en\\\/mandatory-energy-audit-for-heating-and-or-cooling-systems-over-70-kw\\\/#primaryimage\"},\"thumbnailUrl\":\"https:\\\/\\\/axing.hu\\\/wp-content\\\/uploads\\\/2025\\\/07\\\/Axing-kotelezo-energetikai-felulvizsgalat-70kw-1722592940-w.jpg\",\"datePublished\":\"2025-07-22T12:44:45+00:00\",\"dateModified\":\"2025-09-22T11:42:06+00:00\",\"description\":\"Mandatory Energy Audit by Axing for Heating and\\\/or Cooling Systems Over 70 kW\",\"breadcrumb\":{\"@id\":\"https:\\\/\\\/axing.hu\\\/en\\\/mandatory-energy-audit-for-heating-and-or-cooling-systems-over-70-kw\\\/#breadcrumb\"},\"inLanguage\":\"en-US\",\"potentialAction\":[{\"@type\":\"ReadAction\",\"target\":[\"https:\\\/\\\/axing.hu\\\/en\\\/mandatory-energy-audit-for-heating-and-or-cooling-systems-over-70-kw\\\/\"]}]},{\"@type\":\"ImageObject\",\"inLanguage\":\"en-US\",\"@id\":\"https:\\\/\\\/axing.hu\\\/en\\\/mandatory-energy-audit-for-heating-and-or-cooling-systems-over-70-kw\\\/#primaryimage\",\"url\":\"https:\\\/\\\/axing.hu\\\/wp-content\\\/uploads\\\/2025\\\/07\\\/Axing-kotelezo-energetikai-felulvizsgalat-70kw-1722592940-w.jpg\",\"contentUrl\":\"https:\\\/\\\/axing.hu\\\/wp-content\\\/uploads\\\/2025\\\/07\\\/Axing-kotelezo-energetikai-felulvizsgalat-70kw-1722592940-w.jpg\",\"width\":1920,\"height\":1080,\"caption\":\"K\u00f6telez\u0151 energetikai fel\u00fclvizsg\u00e1lat 70 kW feletti rendszerekre\"},{\"@type\":\"BreadcrumbList\",\"@id\":\"https:\\\/\\\/axing.hu\\\/en\\\/mandatory-energy-audit-for-heating-and-or-cooling-systems-over-70-kw\\\/#breadcrumb\",\"itemListElement\":[{\"@type\":\"ListItem\",\"position\":1,\"name\":\"Kezd\u0151lap\",\"item\":\"https:\\\/\\\/axing.hu\\\/en\\\/\"},{\"@type\":\"ListItem\",\"position\":2,\"name\":\"Mandatory Energy Audit for Heating and\\\/or Cooling Systems Over 70 kW\"}]},{\"@type\":\"WebSite\",\"@id\":\"https:\\\/\\\/axing.hu\\\/#website\",\"url\":\"https:\\\/\\\/axing.hu\\\/\",\"name\":\"Axing Zrt.\",\"description\":\"Az Axing Zrt. hivatalos weboldala\",\"publisher\":{\"@id\":\"https:\\\/\\\/axing.hu\\\/#organization\"},\"potentialAction\":[{\"@type\":\"SearchAction\",\"target\":{\"@type\":\"EntryPoint\",\"urlTemplate\":\"https:\\\/\\\/axing.hu\\\/?s={search_term_string}\"},\"query-input\":{\"@type\":\"PropertyValueSpecification\",\"valueRequired\":true,\"valueName\":\"search_term_string\"}}],\"inLanguage\":\"en-US\"},{\"@type\":\"Organization\",\"@id\":\"https:\\\/\\\/axing.hu\\\/#organization\",\"name\":\"Axing Zrt.\",\"url\":\"https:\\\/\\\/axing.hu\\\/\",\"logo\":{\"@type\":\"ImageObject\",\"inLanguage\":\"en-US\",\"@id\":\"https:\\\/\\\/axing.hu\\\/#\\\/schema\\\/logo\\\/image\\\/\",\"url\":\"https:\\\/\\\/axing.hu\\\/wp-content\\\/uploads\\\/2025\\\/07\\\/cropped-AXING-sitelogo-w.png\",\"contentUrl\":\"https:\\\/\\\/axing.hu\\\/wp-content\\\/uploads\\\/2025\\\/07\\\/cropped-AXING-sitelogo-w.png\",\"width\":512,\"height\":512,\"caption\":\"Axing Zrt.\"},\"image\":{\"@id\":\"https:\\\/\\\/axing.hu\\\/#\\\/schema\\\/logo\\\/image\\\/\"},\"sameAs\":[\"https:\\\/\\\/www.facebook.com\\\/axinghu\",\"https:\\\/\\\/www.linkedin.com\\\/company\\\/axing-ltd-\\\/\"],\"description\":\"Az Axing Zrt. 2003 \u00f3ta sikeresen m\u0171k\u00f6dik a magyar energetikai tan\u00e1csad\u00e1si szektor piacvezet\u0151jek\u00e9nt. Szak\u00e9rtelm\u00fcnkkel t\u00e1mogat\u00e1st ny\u00fajtunk \u00fcgyfeleinknek abban, hogy maximaliz\u00e1lj\u00e1k hat\u00e9konys\u00e1gukat \u00e9s minimaliz\u00e1lj\u00e1k energiak\u00f6lts\u00e9geiket. Komplex szolg\u00e1ltat\u00e1si portf\u00f3li\u00f3nk az energiabeszerz\u00e9st\u0151l kezdve az EKR auditon \u00e1t az energetikai audit\u00e1l\u00e1sig minden ter\u00fcleten k\u00f6lts\u00e9ghat\u00e9kony megold\u00e1sokat k\u00edn\u00e1l.\",\"email\":\"kapcsolat@axing.hu\",\"telephone\":\"+36 1 248 0779\",\"legalName\":\"AXING Tan\u00e1csad\u00f3 \u00e9s Szolg\u00e1ltat\u00f3 Zrt.\",\"vatID\":\"32638329-2-41\"}]}<\/script>\n<!-- \/ Yoast SEO Premium plugin. -->","yoast_head_json":{"title":"Energy inspection for cooling\/heating systems above 70 kW","description":"Mandatory Energy Audit by Axing for Heating and\/or Cooling Systems Over 70 kW","robots":{"index":"index","follow":"follow","max-snippet":"max-snippet:-1","max-image-preview":"max-image-preview:large","max-video-preview":"max-video-preview:-1"},"canonical":"https:\/\/axing.hu\/en\/mandatory-energy-audit-for-heating-and-or-cooling-systems-over-70-kw\/","og_locale":"en_US","og_type":"article","og_title":"Mandatory Energy Audit for Heating and\/or Cooling Systems Over 70 kW","og_description":"Mandatory Energy Audit by Axing for Heating and\/or Cooling Systems Over 70 kW","og_url":"https:\/\/axing.hu\/en\/mandatory-energy-audit-for-heating-and-or-cooling-systems-over-70-kw\/","og_site_name":"Axing Zrt.","article_publisher":"https:\/\/www.facebook.com\/axinghu","article_modified_time":"2025-09-22T11:42:06+00:00","og_image":[{"width":1920,"height":1080,"url":"https:\/\/axing.hu\/wp-content\/uploads\/2025\/07\/Axing-kotelezo-energetikai-felulvizsgalat-70kw-1722592940-w.jpg","type":"image\/jpeg"}],"twitter_card":"summary_large_image","twitter_misc":{"Est. reading time":"3 minutes"},"schema":{"@context":"https:\/\/schema.org","@graph":[{"@type":"WebPage","@id":"https:\/\/axing.hu\/en\/mandatory-energy-audit-for-heating-and-or-cooling-systems-over-70-kw\/","url":"https:\/\/axing.hu\/en\/mandatory-energy-audit-for-heating-and-or-cooling-systems-over-70-kw\/","name":"Energy inspection for cooling\/heating systems above 70 kW","isPartOf":{"@id":"https:\/\/axing.hu\/#website"},"primaryImageOfPage":{"@id":"https:\/\/axing.hu\/en\/mandatory-energy-audit-for-heating-and-or-cooling-systems-over-70-kw\/#primaryimage"},"image":{"@id":"https:\/\/axing.hu\/en\/mandatory-energy-audit-for-heating-and-or-cooling-systems-over-70-kw\/#primaryimage"},"thumbnailUrl":"https:\/\/axing.hu\/wp-content\/uploads\/2025\/07\/Axing-kotelezo-energetikai-felulvizsgalat-70kw-1722592940-w.jpg","datePublished":"2025-07-22T12:44:45+00:00","dateModified":"2025-09-22T11:42:06+00:00","description":"Mandatory Energy Audit by Axing for Heating and\/or Cooling Systems Over 70 kW","breadcrumb":{"@id":"https:\/\/axing.hu\/en\/mandatory-energy-audit-for-heating-and-or-cooling-systems-over-70-kw\/#breadcrumb"},"inLanguage":"en-US","potentialAction":[{"@type":"ReadAction","target":["https:\/\/axing.hu\/en\/mandatory-energy-audit-for-heating-and-or-cooling-systems-over-70-kw\/"]}]},{"@type":"ImageObject","inLanguage":"en-US","@id":"https:\/\/axing.hu\/en\/mandatory-energy-audit-for-heating-and-or-cooling-systems-over-70-kw\/#primaryimage","url":"https:\/\/axing.hu\/wp-content\/uploads\/2025\/07\/Axing-kotelezo-energetikai-felulvizsgalat-70kw-1722592940-w.jpg","contentUrl":"https:\/\/axing.hu\/wp-content\/uploads\/2025\/07\/Axing-kotelezo-energetikai-felulvizsgalat-70kw-1722592940-w.jpg","width":1920,"height":1080,"caption":"K\u00f6telez\u0151 energetikai fel\u00fclvizsg\u00e1lat 70 kW feletti rendszerekre"},{"@type":"BreadcrumbList","@id":"https:\/\/axing.hu\/en\/mandatory-energy-audit-for-heating-and-or-cooling-systems-over-70-kw\/#breadcrumb","itemListElement":[{"@type":"ListItem","position":1,"name":"Kezd\u0151lap","item":"https:\/\/axing.hu\/en\/"},{"@type":"ListItem","position":2,"name":"Mandatory Energy Audit for Heating and\/or Cooling Systems Over 70 kW"}]},{"@type":"WebSite","@id":"https:\/\/axing.hu\/#website","url":"https:\/\/axing.hu\/","name":"Axing Zrt.","description":"Az Axing Zrt. hivatalos weboldala","publisher":{"@id":"https:\/\/axing.hu\/#organization"},"potentialAction":[{"@type":"SearchAction","target":{"@type":"EntryPoint","urlTemplate":"https:\/\/axing.hu\/?s={search_term_string}"},"query-input":{"@type":"PropertyValueSpecification","valueRequired":true,"valueName":"search_term_string"}}],"inLanguage":"en-US"},{"@type":"Organization","@id":"https:\/\/axing.hu\/#organization","name":"Axing Zrt.","url":"https:\/\/axing.hu\/","logo":{"@type":"ImageObject","inLanguage":"en-US","@id":"https:\/\/axing.hu\/#\/schema\/logo\/image\/","url":"https:\/\/axing.hu\/wp-content\/uploads\/2025\/07\/cropped-AXING-sitelogo-w.png","contentUrl":"https:\/\/axing.hu\/wp-content\/uploads\/2025\/07\/cropped-AXING-sitelogo-w.png","width":512,"height":512,"caption":"Axing Zrt."},"image":{"@id":"https:\/\/axing.hu\/#\/schema\/logo\/image\/"},"sameAs":["https:\/\/www.facebook.com\/axinghu","https:\/\/www.linkedin.com\/company\/axing-ltd-\/"],"description":"Az Axing Zrt. 2003 \u00f3ta sikeresen m\u0171k\u00f6dik a magyar energetikai tan\u00e1csad\u00e1si szektor piacvezet\u0151jek\u00e9nt. Szak\u00e9rtelm\u00fcnkkel t\u00e1mogat\u00e1st ny\u00fajtunk \u00fcgyfeleinknek abban, hogy maximaliz\u00e1lj\u00e1k hat\u00e9konys\u00e1gukat \u00e9s minimaliz\u00e1lj\u00e1k energiak\u00f6lts\u00e9geiket. Komplex szolg\u00e1ltat\u00e1si portf\u00f3li\u00f3nk az energiabeszerz\u00e9st\u0151l kezdve az EKR auditon \u00e1t az energetikai audit\u00e1l\u00e1sig minden ter\u00fcleten k\u00f6lts\u00e9ghat\u00e9kony megold\u00e1sokat k\u00edn\u00e1l.","email":"kapcsolat@axing.hu","telephone":"+36 1 248 0779","legalName":"AXING Tan\u00e1csad\u00f3 \u00e9s Szolg\u00e1ltat\u00f3 Zrt.","vatID":"32638329-2-41"}]}},"_links":{"self":[{"href":"https:\/\/axing.hu\/en\/wp-json\/wp\/v2\/pages\/372","targetHints":{"allow":["GET"]}}],"collection":[{"href":"https:\/\/axing.hu\/en\/wp-json\/wp\/v2\/pages"}],"about":[{"href":"https:\/\/axing.hu\/en\/wp-json\/wp\/v2\/types\/page"}],"author":[{"embeddable":true,"href":"https:\/\/axing.hu\/en\/wp-json\/wp\/v2\/users\/3"}],"replies":[{"embeddable":true,"href":"https:\/\/axing.hu\/en\/wp-json\/wp\/v2\/comments?post=372"}],"version-history":[{"count":2,"href":"https:\/\/axing.hu\/en\/wp-json\/wp\/v2\/pages\/372\/revisions"}],"predecessor-version":[{"id":520,"href":"https:\/\/axing.hu\/en\/wp-json\/wp\/v2\/pages\/372\/revisions\/520"}],"wp:featuredmedia":[{"embeddable":true,"href":"https:\/\/axing.hu\/en\/wp-json\/wp\/v2\/media\/373"}],"wp:attachment":[{"href":"https:\/\/axing.hu\/en\/wp-json\/wp\/v2\/media?parent=372"}],"curies":[{"name":"wp","href":"https:\/\/api.w.org\/{rel}","templated":true}]}}