{"id":376,"date":"2025-07-22T14:46:38","date_gmt":"2025-07-22T12:46:38","guid":{"rendered":"https:\/\/axing.hu\/references\/"},"modified":"2025-07-22T14:46:38","modified_gmt":"2025-07-22T12:46:38","slug":"references","status":"publish","type":"page","link":"https:\/\/axing.hu\/en\/references\/","title":{"rendered":"References"},"content":{"rendered":"\n<div class=\"gb-element-17b55933\">\n<p class=\"gb-text\">Our company was the first in the country to receive the certificate that entitles it to audit in accordance with the provisions of Act LVII of 2015. <\/p>\n\n\n\n<h2 class=\"gb-text gb-text-e32d2b49\">Some examples of our references and successful audits:<\/h2>\n<\/div>\n\n\n\n<div class=\"gb-element-40c1f27e\">\n<figure class=\"wp-block-image size-full\"><img decoding=\"async\" width=\"1311\" height=\"1816\" src=\"https:\/\/axing.hu\/wp-content\/uploads\/2025\/07\/references-w.jpg\" alt=\"\" class=\"wp-image-257\" srcset=\"https:\/\/axing.hu\/wp-content\/uploads\/2025\/07\/references-w.jpg 1311w, https:\/\/axing.hu\/wp-content\/uploads\/2025\/07\/references-w-217x300.jpg 217w, https:\/\/axing.hu\/wp-content\/uploads\/2025\/07\/references-w-739x1024.jpg 739w, https:\/\/axing.hu\/wp-content\/uploads\/2025\/07\/references-w-768x1064.jpg 768w, https:\/\/axing.hu\/wp-content\/uploads\/2025\/07\/references-w-1109x1536.jpg 1109w\" sizes=\"(max-width: 1311px) 100vw, 1311px\" \/><\/figure>\n<\/div>\n\n\n\n<div class=\"gb-element-0183c8a6 .testimonial-wrapper\">\n<div class=\"wp-block-eds-animate-it-block eds-animate-block-save\"><div class=\"eds-animate animated edsanimate-sis-hidden \" data-eds-entry-animation=\"fadeIn\" data-eds-entry-delay=\"0\" data-eds-entry-duration=\"1\" data-eds-entry-timing=\"linear\" data-eds-exit-animation=\"\" data-eds-exit-delay=\"0\" data-eds-exit-duration=\"0.5\" data-eds-exit-timing=\"linear\" data-eds-repeat-count=\"1\" data-eds-keep=\"yes\" data-eds-animate-on=\"scroll\" data-eds-scroll-offset=\"40\">\n<h2 class=\"gb-text gb-text-5937de4b\">Client Testimonials<\/h2>\n\n\n\n<div class=\"testimonial-wrapper\">\n  <div class=\"testimonial-slide\">\n    <blockquote class=\"decorated-quote\">\nWith Axing\u2019s support, we have successfully completed several energy efficiency projects that not only resulted in significant energy savings but also generated substantial income through the EKR scheme. Throughout the projects, the Axing team demonstrated a high level of professional expertise, along with prompt and transparent communication at every stage. \n<\/blockquote>\n    <h2>Szab\u00f3 Roland<\/h2>\n    <h6>Deputy Chief Technical and Production Officer \u2022 <span>ATEV Zrt.<\/span><\/h6>\n  <\/div>\n\n  <div class=\"testimonial-slide\">\n    <blockquote class=\"decorated-quote\">\nWe greatly appreciate the professional expertise of the Axing team and thank them for the projects they have proposed and initiated.\n<\/blockquote>\n    <h2>dr. Kiss Lajos<\/h2>\n    <h6>Energy Director \u2022 <span>Teva Gy\u00f3gyszergy\u00e1r Zrt.<\/span><\/h6>\n  <\/div>\n\n  <div class=\"testimonial-slide\">\n    <blockquote class=\"decorated-quote\">\nThe audit conducted by Axing was both swift and thorough. Thanks to the energy efficiency certification, we were able to claim the TAO tax allowance without any complications. \n<\/blockquote>\n    <h2>Kardos G\u00e1bor<\/h2>\n    <h6>Managing Director \u2022 <span>RAUCH Hung\u00e1ria Kft.<\/span><\/h6>\n  <\/div>\n\n  <div class=\"testimonial-slide\">\n    <blockquote class=\"decorated-quote\">\nThroughout the preliminary consultations, on-site assessment, and documentation process, Axing demonstrated precision, accuracy, and strong professional support. For all our key energy-related decisions, we consistently rely on Axing as a credible, dependable, and trusted partner. \n<\/blockquote>\n    <h2>Ifj. Kiss Attila <\/h2>\n    <h6>Managing Director \u2022 <span>Nagyhegyesi TAKARM\u00c1NY Kft.<\/span><\/h6>\n  <\/div>\n\n  <div class=\"testimonial-slide\">\n    <blockquote class=\"decorated-quote\">\nIt was very easy to work with the team at Axing. The audit was completed on time, and we received several valuable recommendations to improve our energy consumption. \n<\/blockquote>\n    <h2>Kardos G\u00e1bor<\/h2>\n    <h6>Managing Director \u2022 <span>RAUCH Hung\u00e1ria Kft.<\/span><\/h6>\n  <\/div>\n\n  <div class=\"testimonial-slide\">\n    <blockquote class=\"decorated-quote\">\nAxing conducted the most recent large enterprise energy audit for our company, fully meeting both legal requirements and our internal expectations. The auditing partner delivered a clear and professional report by the deadline, identifying multiple opportunities to improve energy efficiency. \n<\/blockquote>\n    <h2>Szab\u00f3 Roland<\/h2>\n    <h6>Deputy Chief Technical and Production Officer \u2022 <span>ATEV Zrt.<\/span><\/h6>\n  <\/div>\n\n  <div class=\"testimonial-slide\">\n    <blockquote class=\"decorated-quote\">\nClear, effective, and practical energy consultancy \u2014 focused on results and driven by insight.\n<\/blockquote>\n    <h2>Ol\u00e1h Csaba<\/h2>\n    <h6>Managing Director \u2022 <span>NEOPAC Hungary Kft.<\/span><\/h6>\n  <\/div>\n\n  <div class=\"testimonial-slide\">\n    <blockquote class=\"decorated-quote\">\nThe energy specialist service enabled us to achieve a marked reduction in our energy usage. Axing provided exceptional professional support in streamlining our operations. \n<\/blockquote>\n    <h2>Sul\u00e1k Csaba<\/h2>\n    <h6>Chief Operating Officer \u2022 <span>Porsche Ingatlankezel\u0151 Kft.<\/span><\/h6>\n  <\/div>\n\n  <div class=\"testimonial-slide\">\n    <blockquote class=\"decorated-quote\">\nThe energy specialist service has proven highly effective. The experts at Axing are consistently supportive and have already provided several recommendations that have helped us reduce our energy costs. \n<\/blockquote>\n    <h2>Kardos G\u00e1bor<\/h2>\n    <h6>Managing Director \u2022 <span>RAUCH Hung\u00e1ria Kft.<\/span><\/h6>\n  <\/div>\n\n  <div class=\"testimonial-slide\">\n    <blockquote class=\"decorated-quote\">\nWe have been working with Axing since the very beginning, including in their role as our appointed energy specialist, and we are entirely satisfied with their services. Communication is active, up-to-date, and continuous, and we also receive tailored professional support. This complex task is carried out in full compliance with the regulations, with accuracy and strict adherence to deadlines.  \n<\/blockquote>\n    <h2>Kun Mikl\u00f3s<\/h2>\n    <h6>Managing Director \u2022 <span>GYULAI V\u00c1RF\u00dcRD\u0150 Kft.<\/span><\/h6>\n  <\/div>\n\n  <div class=\"testimonial-slide\">\n    <blockquote class=\"decorated-quote\">\nThe energy management system delivered by Axing was installed and commissioned flawlessly. Compared to the previous setup, the system now provides a much more detailed view of our factory\u2019s energy processes, offering a range of useful functions and clear opportunities for further development. \n<\/blockquote>\n    <h2>Berta J\u00f3zsef<\/h2>\n    <h6>Operations Department Manager \u2022 <span>B\u00e9res Gy\u00f3gyszergy\u00e1r Zrt.<\/span><\/h6>\n  <\/div>\n\n  <!-- T\u00f6bb slide, ha kell -->\n\n  <!-- Navig\u00e1ci\u00f3s p\u00f6tty\u00f6k \u00e9s nyilak ide gener\u00e1l\u00f3dnak -->\n<\/div>\n<\/div><\/div>\n<\/div>\n","protected":false},"excerpt":{"rendered":"<p>Our company was the first in the country to receive the certificate that entitles it to audit in accordance with the provisions of Act LVII of 2015. Some examples of our references and successful audits:<\/p>\n","protected":false},"author":3,"featured_media":0,"parent":0,"menu_order":0,"comment_status":"closed","ping_status":"closed","template":"","meta":{"_acf_changed":false,"pgc_sgb_lightbox_settings":"","footnotes":""},"class_list":["post-376","page","type-page","status-publish"],"acf":[],"yoast_head":"<!-- This site is optimized with the Yoast SEO Premium plugin v27.4 (Yoast SEO v27.4) - https:\/\/yoast.com\/product\/yoast-seo-premium-wordpress\/ -->\n<title>Axing \u2013 references, projects and case studies<\/title>\n<meta name=\"description\" content=\"Axing Energy efficiency consulting and auditing. Axing Zrt. is the market leader in the Hungarian energy consulting sector. \u2022 References\" \/>\n<meta name=\"robots\" content=\"index, follow, max-snippet:-1, max-image-preview:large, max-video-preview:-1\" \/>\n<link rel=\"canonical\" href=\"https:\/\/axing.hu\/en\/references\/\" \/>\n<meta property=\"og:locale\" content=\"en_US\" \/>\n<meta property=\"og:type\" content=\"article\" \/>\n<meta property=\"og:title\" content=\"References\" \/>\n<meta property=\"og:description\" content=\"Axing Energy efficiency consulting and auditing. Axing Zrt. is the market leader in the Hungarian energy consulting sector. \u2022 References\" \/>\n<meta property=\"og:url\" content=\"https:\/\/axing.hu\/en\/references\/\" \/>\n<meta property=\"og:site_name\" content=\"Axing Zrt.\" \/>\n<meta property=\"article:publisher\" content=\"https:\/\/www.facebook.com\/axinghu\" \/>\n<meta property=\"og:image\" content=\"https:\/\/axing.hu\/wp-content\/uploads\/2025\/07\/references-w.jpg\" \/>\n\t<meta property=\"og:image:width\" content=\"1311\" \/>\n\t<meta property=\"og:image:height\" content=\"1816\" \/>\n\t<meta property=\"og:image:type\" content=\"image\/jpeg\" \/>\n<meta name=\"twitter:card\" content=\"summary_large_image\" \/>\n<meta name=\"twitter:label1\" content=\"Est. reading time\" \/>\n\t<meta name=\"twitter:data1\" content=\"3 minutes\" \/>\n<script type=\"application\/ld+json\" class=\"yoast-schema-graph\">{\"@context\":\"https:\\\/\\\/schema.org\",\"@graph\":[{\"@type\":\"WebPage\",\"@id\":\"https:\\\/\\\/axing.hu\\\/en\\\/references\\\/\",\"url\":\"https:\\\/\\\/axing.hu\\\/en\\\/references\\\/\",\"name\":\"Axing \u2013 references, projects and case studies\",\"isPartOf\":{\"@id\":\"https:\\\/\\\/axing.hu\\\/#website\"},\"primaryImageOfPage\":{\"@id\":\"https:\\\/\\\/axing.hu\\\/en\\\/references\\\/#primaryimage\"},\"image\":{\"@id\":\"https:\\\/\\\/axing.hu\\\/en\\\/references\\\/#primaryimage\"},\"thumbnailUrl\":\"https:\\\/\\\/axing.hu\\\/wp-content\\\/uploads\\\/2025\\\/07\\\/references-w.jpg\",\"datePublished\":\"2025-07-22T12:46:38+00:00\",\"description\":\"Axing Energy efficiency consulting and auditing. Axing Zrt. is the market leader in the Hungarian energy consulting sector. \u2022 References\",\"breadcrumb\":{\"@id\":\"https:\\\/\\\/axing.hu\\\/en\\\/references\\\/#breadcrumb\"},\"inLanguage\":\"en-US\",\"potentialAction\":[{\"@type\":\"ReadAction\",\"target\":[\"https:\\\/\\\/axing.hu\\\/en\\\/references\\\/\"]}]},{\"@type\":\"ImageObject\",\"inLanguage\":\"en-US\",\"@id\":\"https:\\\/\\\/axing.hu\\\/en\\\/references\\\/#primaryimage\",\"url\":\"https:\\\/\\\/axing.hu\\\/wp-content\\\/uploads\\\/2025\\\/07\\\/references-w.jpg\",\"contentUrl\":\"https:\\\/\\\/axing.hu\\\/wp-content\\\/uploads\\\/2025\\\/07\\\/references-w.jpg\"},{\"@type\":\"BreadcrumbList\",\"@id\":\"https:\\\/\\\/axing.hu\\\/en\\\/references\\\/#breadcrumb\",\"itemListElement\":[{\"@type\":\"ListItem\",\"position\":1,\"name\":\"Kezd\u0151lap\",\"item\":\"https:\\\/\\\/axing.hu\\\/en\\\/\"},{\"@type\":\"ListItem\",\"position\":2,\"name\":\"References\"}]},{\"@type\":\"WebSite\",\"@id\":\"https:\\\/\\\/axing.hu\\\/#website\",\"url\":\"https:\\\/\\\/axing.hu\\\/\",\"name\":\"Axing Zrt.\",\"description\":\"Az Axing Zrt. hivatalos weboldala\",\"publisher\":{\"@id\":\"https:\\\/\\\/axing.hu\\\/#organization\"},\"potentialAction\":[{\"@type\":\"SearchAction\",\"target\":{\"@type\":\"EntryPoint\",\"urlTemplate\":\"https:\\\/\\\/axing.hu\\\/?s={search_term_string}\"},\"query-input\":{\"@type\":\"PropertyValueSpecification\",\"valueRequired\":true,\"valueName\":\"search_term_string\"}}],\"inLanguage\":\"en-US\"},{\"@type\":\"Organization\",\"@id\":\"https:\\\/\\\/axing.hu\\\/#organization\",\"name\":\"Axing Zrt.\",\"url\":\"https:\\\/\\\/axing.hu\\\/\",\"logo\":{\"@type\":\"ImageObject\",\"inLanguage\":\"en-US\",\"@id\":\"https:\\\/\\\/axing.hu\\\/#\\\/schema\\\/logo\\\/image\\\/\",\"url\":\"https:\\\/\\\/axing.hu\\\/wp-content\\\/uploads\\\/2025\\\/07\\\/cropped-AXING-sitelogo-w.png\",\"contentUrl\":\"https:\\\/\\\/axing.hu\\\/wp-content\\\/uploads\\\/2025\\\/07\\\/cropped-AXING-sitelogo-w.png\",\"width\":512,\"height\":512,\"caption\":\"Axing Zrt.\"},\"image\":{\"@id\":\"https:\\\/\\\/axing.hu\\\/#\\\/schema\\\/logo\\\/image\\\/\"},\"sameAs\":[\"https:\\\/\\\/www.facebook.com\\\/axinghu\",\"https:\\\/\\\/www.linkedin.com\\\/company\\\/axing-ltd-\\\/\"],\"description\":\"Az Axing Zrt. 2003 \u00f3ta sikeresen m\u0171k\u00f6dik a magyar energetikai tan\u00e1csad\u00e1si szektor piacvezet\u0151jek\u00e9nt. Szak\u00e9rtelm\u00fcnkkel t\u00e1mogat\u00e1st ny\u00fajtunk \u00fcgyfeleinknek abban, hogy maximaliz\u00e1lj\u00e1k hat\u00e9konys\u00e1gukat \u00e9s minimaliz\u00e1lj\u00e1k energiak\u00f6lts\u00e9geiket. Komplex szolg\u00e1ltat\u00e1si portf\u00f3li\u00f3nk az energiabeszerz\u00e9st\u0151l kezdve az EKR auditon \u00e1t az energetikai audit\u00e1l\u00e1sig minden ter\u00fcleten k\u00f6lts\u00e9ghat\u00e9kony megold\u00e1sokat k\u00edn\u00e1l.\",\"email\":\"kapcsolat@axing.hu\",\"telephone\":\"+36 1 248 0779\",\"legalName\":\"AXING Tan\u00e1csad\u00f3 \u00e9s Szolg\u00e1ltat\u00f3 Zrt.\",\"vatID\":\"32638329-2-41\"}]}<\/script>\n<!-- \/ Yoast SEO Premium plugin. -->","yoast_head_json":{"title":"Axing \u2013 references, projects and case studies","description":"Axing Energy efficiency consulting and auditing. Axing Zrt. is the market leader in the Hungarian energy consulting sector. \u2022 References","robots":{"index":"index","follow":"follow","max-snippet":"max-snippet:-1","max-image-preview":"max-image-preview:large","max-video-preview":"max-video-preview:-1"},"canonical":"https:\/\/axing.hu\/en\/references\/","og_locale":"en_US","og_type":"article","og_title":"References","og_description":"Axing Energy efficiency consulting and auditing. Axing Zrt. is the market leader in the Hungarian energy consulting sector. \u2022 References","og_url":"https:\/\/axing.hu\/en\/references\/","og_site_name":"Axing Zrt.","article_publisher":"https:\/\/www.facebook.com\/axinghu","og_image":[{"width":1311,"height":1816,"url":"https:\/\/axing.hu\/wp-content\/uploads\/2025\/07\/references-w.jpg","type":"image\/jpeg"}],"twitter_card":"summary_large_image","twitter_misc":{"Est. reading time":"3 minutes"},"schema":{"@context":"https:\/\/schema.org","@graph":[{"@type":"WebPage","@id":"https:\/\/axing.hu\/en\/references\/","url":"https:\/\/axing.hu\/en\/references\/","name":"Axing \u2013 references, projects and case studies","isPartOf":{"@id":"https:\/\/axing.hu\/#website"},"primaryImageOfPage":{"@id":"https:\/\/axing.hu\/en\/references\/#primaryimage"},"image":{"@id":"https:\/\/axing.hu\/en\/references\/#primaryimage"},"thumbnailUrl":"https:\/\/axing.hu\/wp-content\/uploads\/2025\/07\/references-w.jpg","datePublished":"2025-07-22T12:46:38+00:00","description":"Axing Energy efficiency consulting and auditing. Axing Zrt. is the market leader in the Hungarian energy consulting sector. \u2022 References","breadcrumb":{"@id":"https:\/\/axing.hu\/en\/references\/#breadcrumb"},"inLanguage":"en-US","potentialAction":[{"@type":"ReadAction","target":["https:\/\/axing.hu\/en\/references\/"]}]},{"@type":"ImageObject","inLanguage":"en-US","@id":"https:\/\/axing.hu\/en\/references\/#primaryimage","url":"https:\/\/axing.hu\/wp-content\/uploads\/2025\/07\/references-w.jpg","contentUrl":"https:\/\/axing.hu\/wp-content\/uploads\/2025\/07\/references-w.jpg"},{"@type":"BreadcrumbList","@id":"https:\/\/axing.hu\/en\/references\/#breadcrumb","itemListElement":[{"@type":"ListItem","position":1,"name":"Kezd\u0151lap","item":"https:\/\/axing.hu\/en\/"},{"@type":"ListItem","position":2,"name":"References"}]},{"@type":"WebSite","@id":"https:\/\/axing.hu\/#website","url":"https:\/\/axing.hu\/","name":"Axing Zrt.","description":"Az Axing Zrt. hivatalos weboldala","publisher":{"@id":"https:\/\/axing.hu\/#organization"},"potentialAction":[{"@type":"SearchAction","target":{"@type":"EntryPoint","urlTemplate":"https:\/\/axing.hu\/?s={search_term_string}"},"query-input":{"@type":"PropertyValueSpecification","valueRequired":true,"valueName":"search_term_string"}}],"inLanguage":"en-US"},{"@type":"Organization","@id":"https:\/\/axing.hu\/#organization","name":"Axing Zrt.","url":"https:\/\/axing.hu\/","logo":{"@type":"ImageObject","inLanguage":"en-US","@id":"https:\/\/axing.hu\/#\/schema\/logo\/image\/","url":"https:\/\/axing.hu\/wp-content\/uploads\/2025\/07\/cropped-AXING-sitelogo-w.png","contentUrl":"https:\/\/axing.hu\/wp-content\/uploads\/2025\/07\/cropped-AXING-sitelogo-w.png","width":512,"height":512,"caption":"Axing Zrt."},"image":{"@id":"https:\/\/axing.hu\/#\/schema\/logo\/image\/"},"sameAs":["https:\/\/www.facebook.com\/axinghu","https:\/\/www.linkedin.com\/company\/axing-ltd-\/"],"description":"Az Axing Zrt. 2003 \u00f3ta sikeresen m\u0171k\u00f6dik a magyar energetikai tan\u00e1csad\u00e1si szektor piacvezet\u0151jek\u00e9nt. Szak\u00e9rtelm\u00fcnkkel t\u00e1mogat\u00e1st ny\u00fajtunk \u00fcgyfeleinknek abban, hogy maximaliz\u00e1lj\u00e1k hat\u00e9konys\u00e1gukat \u00e9s minimaliz\u00e1lj\u00e1k energiak\u00f6lts\u00e9geiket. Komplex szolg\u00e1ltat\u00e1si portf\u00f3li\u00f3nk az energiabeszerz\u00e9st\u0151l kezdve az EKR auditon \u00e1t az energetikai audit\u00e1l\u00e1sig minden ter\u00fcleten k\u00f6lts\u00e9ghat\u00e9kony megold\u00e1sokat k\u00edn\u00e1l.","email":"kapcsolat@axing.hu","telephone":"+36 1 248 0779","legalName":"AXING Tan\u00e1csad\u00f3 \u00e9s Szolg\u00e1ltat\u00f3 Zrt.","vatID":"32638329-2-41"}]}},"_links":{"self":[{"href":"https:\/\/axing.hu\/en\/wp-json\/wp\/v2\/pages\/376","targetHints":{"allow":["GET"]}}],"collection":[{"href":"https:\/\/axing.hu\/en\/wp-json\/wp\/v2\/pages"}],"about":[{"href":"https:\/\/axing.hu\/en\/wp-json\/wp\/v2\/types\/page"}],"author":[{"embeddable":true,"href":"https:\/\/axing.hu\/en\/wp-json\/wp\/v2\/users\/3"}],"replies":[{"embeddable":true,"href":"https:\/\/axing.hu\/en\/wp-json\/wp\/v2\/comments?post=376"}],"version-history":[{"count":0,"href":"https:\/\/axing.hu\/en\/wp-json\/wp\/v2\/pages\/376\/revisions"}],"wp:attachment":[{"href":"https:\/\/axing.hu\/en\/wp-json\/wp\/v2\/media?parent=376"}],"curies":[{"name":"wp","href":"https:\/\/api.w.org\/{rel}","templated":true}]}}